{"id":46,"date":"2018-02-27T18:11:56","date_gmt":"2018-02-27T18:11:56","guid":{"rendered":"http:\/\/szalokybow.hu\/hu\/?page_id=46"},"modified":"2020-01-09T11:07:54","modified_gmt":"2020-01-09T10:07:54","slug":"classic-hunter","status":"publish","type":"page","link":"https:\/\/szalokybow.hu\/hu\/classic-hunter\/","title":{"rendered":"Classic Hunter"},"content":{"rendered":"<p><div class=\"fusion-fullwidth fullwidth-box fusion-builder-row-1 hundred-percent-fullwidth non-hundred-percent-height-scrolling\" style=\"--awb-border-radius-top-left:0px;--awb-border-radius-top-right:0px;--awb-border-radius-bottom-right:0px;--awb-border-radius-bottom-left:0px;--awb-padding-right:0px;--awb-padding-left:0px;--awb-flex-wrap:wrap;\" ><div class=\"fusion-builder-row fusion-row\"><div class=\"fusion-layout-column fusion_builder_column fusion-builder-column-0 fusion_builder_column_1_1 1_1 fusion-one-full fusion-column-first fusion-column-last\" style=\"--awb-bg-size:cover;\"><div class=\"fusion-column-wrapper fusion-flex-column-wrapper-legacy\"><div class=\"fusion-image-element fusion-image-align-center in-legacy-container\" style=\"text-align:center;--awb-caption-title-font-family:var(--h2_typography-font-family);--awb-caption-title-font-weight:var(--h2_typography-font-weight);--awb-caption-title-font-style:var(--h2_typography-font-style);--awb-caption-title-size:var(--h2_typography-font-size);--awb-caption-title-transform:var(--h2_typography-text-transform);--awb-caption-title-line-height:var(--h2_typography-line-height);--awb-caption-title-letter-spacing:var(--h2_typography-letter-spacing);\"><div class=\"imageframe-align-center\"><span class=\" fusion-imageframe imageframe-dropshadow imageframe-1 hover-type-none\" style=\"-webkit-box-shadow: 3px 3px 7px rgba(0,0,0,0.3);box-shadow: 3px 3px 7px rgba(0,0,0,0.3);\"><img decoding=\"async\" width=\"1920\" height=\"677\" alt=\"Szal\u00f3ky Classic hunter \u00edj\" title=\"classichunter_head\" src=\"http:\/\/szalokybow.hu\/hu\/wp-content\/uploads\/sites\/2\/2018\/09\/classichunter_head.jpg\" class=\"img-responsive wp-image-385\" srcset=\"https:\/\/szalokybow.hu\/hu\/wp-content\/uploads\/sites\/2\/2018\/09\/classichunter_head-200x71.jpg 200w, https:\/\/szalokybow.hu\/hu\/wp-content\/uploads\/sites\/2\/2018\/09\/classichunter_head-400x141.jpg 400w, https:\/\/szalokybow.hu\/hu\/wp-content\/uploads\/sites\/2\/2018\/09\/classichunter_head-600x212.jpg 600w, https:\/\/szalokybow.hu\/hu\/wp-content\/uploads\/sites\/2\/2018\/09\/classichunter_head-800x282.jpg 800w, https:\/\/szalokybow.hu\/hu\/wp-content\/uploads\/sites\/2\/2018\/09\/classichunter_head-1200x423.jpg 1200w, https:\/\/szalokybow.hu\/hu\/wp-content\/uploads\/sites\/2\/2018\/09\/classichunter_head.jpg 1920w\" sizes=\"(max-width: 800px) 100vw, 1200px\" \/><\/span><\/div><\/div><div class=\"fusion-clearfix\"><\/div><\/div><\/div><\/div><\/div><div class=\"fusion-fullwidth fullwidth-box fusion-builder-row-2 nonhundred-percent-fullwidth non-hundred-percent-height-scrolling\" style=\"--awb-border-radius-top-left:0px;--awb-border-radius-top-right:0px;--awb-border-radius-bottom-right:0px;--awb-border-radius-bottom-left:0px;--awb-padding-top:55px;--awb-flex-wrap:wrap;\" ><div class=\"fusion-builder-row fusion-row\"><div class=\"fusion-layout-column fusion_builder_column fusion-builder-column-1 fusion_builder_column_1_1 1_1 fusion-one-full fusion-column-first fusion-column-last\" style=\"--awb-bg-size:cover;\"><div class=\"fusion-column-wrapper fusion-flex-column-wrapper-legacy\"><div class=\"fusion-title title fusion-title-1 fusion-sep-none fusion-title-text fusion-title-size-one\"><h1 class=\"fusion-title-heading title-heading-left\" style=\"margin:0;\">Classic Hunter<\/h1><\/div><div class=\"fusion-text fusion-text-1\"><p class=\"style1\" align=\"left\">59\u201d hossz\u00fa, a nev\u00e9b\u0151l is kider\u00fcl, hogy a form\u00e1j\u00e1t tekintve egy klasszikus reflex \u00edj. 27-30\u201d h\u00faz\u00e1shosszon kiv\u00e1l\u00f3, r\u00f6vid h\u00faz\u00e1shosszon is j\u00f3l teljes\u00edt. Sok \u00fajat nem tudok r\u00f3la \u00edrni, pont olyan amilyennek egy klasszikus vad\u00e1sz-reflex \u00edjnak lennie kell.<\/p>\n<\/div><div class=\"awb-gallery-wrapper awb-gallery-wrapper-1 button-span-no\"><div style=\"margin:-5px;--awb-bordersize:0px;\" class=\"fusion-gallery fusion-gallery-container fusion-grid-2 fusion-columns-total-2 fusion-gallery-layout-grid fusion-gallery-1\"><div style=\"padding:5px;\" class=\"fusion-grid-column fusion-gallery-column fusion-gallery-column-2 hover-type-none\"><div class=\"fusion-gallery-image\"><a href=\"https:\/\/szalokybow.hu\/hu\/wp-content\/uploads\/sites\/2\/2018\/09\/20170523_093118.jpg\" rel=\"noreferrer\" data-rel=\"iLightbox[gallery_image_1]\" class=\"fusion-lightbox\" target=\"_self\"><img decoding=\"async\" src=\"https:\/\/szalokybow.hu\/hu\/wp-content\/uploads\/sites\/2\/2018\/09\/20170523_093118.jpg\" width=\"1000\" height=\"1666\" alt=\"\" title=\"20170523_093118\" aria-label=\"20170523_093118\" class=\"img-responsive wp-image-389\" srcset=\"https:\/\/szalokybow.hu\/hu\/wp-content\/uploads\/sites\/2\/2018\/09\/20170523_093118-200x333.jpg 200w, https:\/\/szalokybow.hu\/hu\/wp-content\/uploads\/sites\/2\/2018\/09\/20170523_093118-400x666.jpg 400w, https:\/\/szalokybow.hu\/hu\/wp-content\/uploads\/sites\/2\/2018\/09\/20170523_093118-600x1000.jpg 600w, https:\/\/szalokybow.hu\/hu\/wp-content\/uploads\/sites\/2\/2018\/09\/20170523_093118-800x1333.jpg 800w, https:\/\/szalokybow.hu\/hu\/wp-content\/uploads\/sites\/2\/2018\/09\/20170523_093118.jpg 1000w\" sizes=\"(min-width: 2200px) 100vw, (min-width: 712px) 548px, (min-width: 640px) 712px, \" \/><\/a><\/div><\/div><div style=\"padding:5px;\" class=\"fusion-grid-column fusion-gallery-column fusion-gallery-column-2 hover-type-none\"><div class=\"fusion-gallery-image\"><a href=\"https:\/\/szalokybow.hu\/hu\/wp-content\/uploads\/sites\/2\/2018\/09\/20170523_093124.jpg\" rel=\"noreferrer\" data-rel=\"iLightbox[gallery_image_1]\" class=\"fusion-lightbox\" target=\"_self\"><img decoding=\"async\" src=\"https:\/\/szalokybow.hu\/hu\/wp-content\/uploads\/sites\/2\/2018\/09\/20170523_093124.jpg\" width=\"1000\" height=\"1666\" alt=\"\" title=\"20170523_093124\" aria-label=\"20170523_093124\" class=\"img-responsive wp-image-390\" srcset=\"https:\/\/szalokybow.hu\/hu\/wp-content\/uploads\/sites\/2\/2018\/09\/20170523_093124-200x333.jpg 200w, https:\/\/szalokybow.hu\/hu\/wp-content\/uploads\/sites\/2\/2018\/09\/20170523_093124-400x666.jpg 400w, https:\/\/szalokybow.hu\/hu\/wp-content\/uploads\/sites\/2\/2018\/09\/20170523_093124-600x1000.jpg 600w, https:\/\/szalokybow.hu\/hu\/wp-content\/uploads\/sites\/2\/2018\/09\/20170523_093124-800x1333.jpg 800w, https:\/\/szalokybow.hu\/hu\/wp-content\/uploads\/sites\/2\/2018\/09\/20170523_093124.jpg 1000w\" sizes=\"(min-width: 2200px) 100vw, (min-width: 712px) 548px, (min-width: 640px) 712px, \" \/><\/a><\/div><\/div><div class=\"clearfix\"><\/div><\/div><\/div><div class=\"fusion-clearfix\"><\/div><\/div><\/div><\/div><\/div><\/p>\n","protected":false},"excerpt":{"rendered":"","protected":false},"author":1,"featured_media":0,"parent":0,"menu_order":0,"comment_status":"closed","ping_status":"closed","template":"100-width.php","meta":{"footnotes":""},"class_list":["post-46","page","type-page","status-publish","hentry"],"yoast_head":"<!-- This site is optimized with the Yoast SEO plugin v27.3 - https:\/\/yoast.com\/product\/yoast-seo-wordpress\/ -->\n<title>Classic Hunter | Szal\u00f3ky Istv\u00e1n \u00edjk\u00e9sz\u00edt\u0151<\/title>\n<meta name=\"robots\" content=\"index, follow, max-snippet:-1, max-image-preview:large, max-video-preview:-1\" \/>\n<link rel=\"canonical\" href=\"https:\/\/szalokybow.hu\/hu\/classic-hunter\/\" \/>\n<meta property=\"og:locale\" content=\"hu_HU\" \/>\n<meta property=\"og:type\" content=\"article\" \/>\n<meta property=\"og:title\" content=\"Classic Hunter | Szal\u00f3ky Istv\u00e1n \u00edjk\u00e9sz\u00edt\u0151\" \/>\n<meta property=\"og:url\" content=\"https:\/\/szalokybow.hu\/hu\/classic-hunter\/\" \/>\n<meta property=\"og:site_name\" content=\"Szal\u00f3ky Istv\u00e1n \u00edjk\u00e9sz\u00edt\u0151\" \/>\n<meta property=\"article:publisher\" content=\"https:\/\/www.facebook.com\/istvan.szaloky\" \/>\n<meta property=\"article:modified_time\" content=\"2020-01-09T10:07:54+00:00\" \/>\n<meta name=\"twitter:card\" content=\"summary_large_image\" \/>\n<meta name=\"twitter:label1\" content=\"Becs\u00fclt olvas\u00e1si id\u0151\" \/>\n\t<meta name=\"twitter:data1\" content=\"3 perc\" \/>\n<script type=\"application\/ld+json\" class=\"yoast-schema-graph\">{\"@context\":\"https:\\\/\\\/schema.org\",\"@graph\":[{\"@type\":\"WebPage\",\"@id\":\"https:\\\/\\\/szalokybow.hu\\\/hu\\\/classic-hunter\\\/\",\"url\":\"https:\\\/\\\/szalokybow.hu\\\/hu\\\/classic-hunter\\\/\",\"name\":\"Classic Hunter | Szal\u00f3ky Istv\u00e1n \u00edjk\u00e9sz\u00edt\u0151\",\"isPartOf\":{\"@id\":\"https:\\\/\\\/szalokybow.hu\\\/hu\\\/#website\"},\"datePublished\":\"2018-02-27T18:11:56+00:00\",\"dateModified\":\"2020-01-09T10:07:54+00:00\",\"breadcrumb\":{\"@id\":\"https:\\\/\\\/szalokybow.hu\\\/hu\\\/classic-hunter\\\/#breadcrumb\"},\"inLanguage\":\"hu\",\"potentialAction\":[{\"@type\":\"ReadAction\",\"target\":[\"https:\\\/\\\/szalokybow.hu\\\/hu\\\/classic-hunter\\\/\"]}]},{\"@type\":\"BreadcrumbList\",\"@id\":\"https:\\\/\\\/szalokybow.hu\\\/hu\\\/classic-hunter\\\/#breadcrumb\",\"itemListElement\":[{\"@type\":\"ListItem\",\"position\":1,\"name\":\"Home\",\"item\":\"https:\\\/\\\/szalokybow.hu\\\/hu\\\/\"},{\"@type\":\"ListItem\",\"position\":2,\"name\":\"Classic Hunter\"}]},{\"@type\":\"WebSite\",\"@id\":\"https:\\\/\\\/szalokybow.hu\\\/hu\\\/#website\",\"url\":\"https:\\\/\\\/szalokybow.hu\\\/hu\\\/\",\"name\":\"Szal\u00f3ky Istv\u00e1n \u00edjk\u00e9sz\u00edt\u0151\",\"description\":\"Szal\u00f3ky Istv\u00e1n \u00edjk\u00e9sz\u00edt\u0151 honlapja. Reflex\u00edj, take down reflex\u00edj \u00e9s longbow \u00edjak k\u00e9sz\u00edt\u00e9se egyedi megrendel\u00e9sre, testre szabva.\",\"potentialAction\":[{\"@type\":\"SearchAction\",\"target\":{\"@type\":\"EntryPoint\",\"urlTemplate\":\"https:\\\/\\\/szalokybow.hu\\\/hu\\\/?s={search_term_string}\"},\"query-input\":{\"@type\":\"PropertyValueSpecification\",\"valueRequired\":true,\"valueName\":\"search_term_string\"}}],\"inLanguage\":\"hu\"}]}<\/script>\n<!-- \/ Yoast SEO plugin. -->","yoast_head_json":{"title":"Classic Hunter | Szal\u00f3ky Istv\u00e1n \u00edjk\u00e9sz\u00edt\u0151","robots":{"index":"index","follow":"follow","max-snippet":"max-snippet:-1","max-image-preview":"max-image-preview:large","max-video-preview":"max-video-preview:-1"},"canonical":"https:\/\/szalokybow.hu\/hu\/classic-hunter\/","og_locale":"hu_HU","og_type":"article","og_title":"Classic Hunter | Szal\u00f3ky Istv\u00e1n \u00edjk\u00e9sz\u00edt\u0151","og_url":"https:\/\/szalokybow.hu\/hu\/classic-hunter\/","og_site_name":"Szal\u00f3ky Istv\u00e1n \u00edjk\u00e9sz\u00edt\u0151","article_publisher":"https:\/\/www.facebook.com\/istvan.szaloky","article_modified_time":"2020-01-09T10:07:54+00:00","twitter_card":"summary_large_image","twitter_misc":{"Becs\u00fclt olvas\u00e1si id\u0151":"3 perc"},"schema":{"@context":"https:\/\/schema.org","@graph":[{"@type":"WebPage","@id":"https:\/\/szalokybow.hu\/hu\/classic-hunter\/","url":"https:\/\/szalokybow.hu\/hu\/classic-hunter\/","name":"Classic Hunter | Szal\u00f3ky Istv\u00e1n \u00edjk\u00e9sz\u00edt\u0151","isPartOf":{"@id":"https:\/\/szalokybow.hu\/hu\/#website"},"datePublished":"2018-02-27T18:11:56+00:00","dateModified":"2020-01-09T10:07:54+00:00","breadcrumb":{"@id":"https:\/\/szalokybow.hu\/hu\/classic-hunter\/#breadcrumb"},"inLanguage":"hu","potentialAction":[{"@type":"ReadAction","target":["https:\/\/szalokybow.hu\/hu\/classic-hunter\/"]}]},{"@type":"BreadcrumbList","@id":"https:\/\/szalokybow.hu\/hu\/classic-hunter\/#breadcrumb","itemListElement":[{"@type":"ListItem","position":1,"name":"Home","item":"https:\/\/szalokybow.hu\/hu\/"},{"@type":"ListItem","position":2,"name":"Classic Hunter"}]},{"@type":"WebSite","@id":"https:\/\/szalokybow.hu\/hu\/#website","url":"https:\/\/szalokybow.hu\/hu\/","name":"Szal\u00f3ky Istv\u00e1n \u00edjk\u00e9sz\u00edt\u0151","description":"Szal\u00f3ky Istv\u00e1n \u00edjk\u00e9sz\u00edt\u0151 honlapja. Reflex\u00edj, take down reflex\u00edj \u00e9s longbow \u00edjak k\u00e9sz\u00edt\u00e9se egyedi megrendel\u00e9sre, testre szabva.","potentialAction":[{"@type":"SearchAction","target":{"@type":"EntryPoint","urlTemplate":"https:\/\/szalokybow.hu\/hu\/?s={search_term_string}"},"query-input":{"@type":"PropertyValueSpecification","valueRequired":true,"valueName":"search_term_string"}}],"inLanguage":"hu"}]}},"_links":{"self":[{"href":"https:\/\/szalokybow.hu\/hu\/wp-json\/wp\/v2\/pages\/46","targetHints":{"allow":["GET"]}}],"collection":[{"href":"https:\/\/szalokybow.hu\/hu\/wp-json\/wp\/v2\/pages"}],"about":[{"href":"https:\/\/szalokybow.hu\/hu\/wp-json\/wp\/v2\/types\/page"}],"author":[{"embeddable":true,"href":"https:\/\/szalokybow.hu\/hu\/wp-json\/wp\/v2\/users\/1"}],"replies":[{"embeddable":true,"href":"https:\/\/szalokybow.hu\/hu\/wp-json\/wp\/v2\/comments?post=46"}],"version-history":[{"count":11,"href":"https:\/\/szalokybow.hu\/hu\/wp-json\/wp\/v2\/pages\/46\/revisions"}],"predecessor-version":[{"id":577,"href":"https:\/\/szalokybow.hu\/hu\/wp-json\/wp\/v2\/pages\/46\/revisions\/577"}],"wp:attachment":[{"href":"https:\/\/szalokybow.hu\/hu\/wp-json\/wp\/v2\/media?parent=46"}],"curies":[{"name":"wp","href":"https:\/\/api.w.org\/{rel}","templated":true}]}}