{"id":392,"date":"2018-09-07T15:26:18","date_gmt":"2018-09-07T15:26:18","guid":{"rendered":"http:\/\/szalokybow.hu\/hu\/?page_id=392"},"modified":"2018-09-18T19:31:19","modified_gmt":"2018-09-18T17:31:19","slug":"ifaa-longbow","status":"publish","type":"page","link":"https:\/\/szalokybow.hu\/hu\/ifaa-longbow\/","title":{"rendered":"IFAA longbow"},"content":{"rendered":"<div class=\"fusion-fullwidth fullwidth-box fusion-builder-row-1 nonhundred-percent-fullwidth non-hundred-percent-height-scrolling\" style=\"--awb-border-radius-top-left:0px;--awb-border-radius-top-right:0px;--awb-border-radius-bottom-right:0px;--awb-border-radius-bottom-left:0px;--awb-flex-wrap:wrap;\" ><div class=\"fusion-builder-row fusion-row\"><div class=\"fusion-layout-column fusion_builder_column fusion-builder-column-0 fusion_builder_column_1_1 1_1 fusion-one-full fusion-column-first fusion-column-last\" style=\"--awb-bg-size:cover;\"><div class=\"fusion-column-wrapper fusion-flex-column-wrapper-legacy\"><div class=\"fusion-title title fusion-title-1 fusion-sep-none fusion-title-text fusion-title-size-one\"><h1 class=\"fusion-title-heading title-heading-left\" style=\"margin:0;\">IFAA kompatibilis longbow<\/h1><\/div><div class=\"fusion-clearfix\"><\/div><\/div><\/div><div class=\"fusion-layout-column fusion_builder_column fusion-builder-column-1 fusion_builder_column_1_1 1_1 fusion-one-full fusion-column-first fusion-column-last\" style=\"--awb-bg-size:cover;\"><div class=\"fusion-column-wrapper fusion-flex-column-wrapper-legacy\"><div class=\"awb-gallery-wrapper awb-gallery-wrapper-1 button-span-no\"><div style=\"margin:-5px;--awb-bordersize:0px;\" class=\"fusion-gallery fusion-gallery-container fusion-grid-3 fusion-columns-total-19 fusion-gallery-layout-grid fusion-gallery-1\"><div style=\"padding:5px;\" class=\"fusion-grid-column fusion-gallery-column fusion-gallery-column-3 hover-type-none\"><div class=\"fusion-gallery-image\"><a href=\"https:\/\/szalokybow.hu\/hu\/wp-content\/uploads\/sites\/2\/2018\/09\/20141008_081329_1000.jpg\" rel=\"noreferrer\" data-rel=\"iLightbox[gallery_image_1]\" class=\"fusion-lightbox\" target=\"_self\"><img decoding=\"async\" src=\"https:\/\/szalokybow.hu\/hu\/wp-content\/uploads\/sites\/2\/2018\/09\/20141008_081329_1000-460x295.jpg\" width=\"460\" height=\"295\" alt=\"\" title=\"20141008_081329_1000\" aria-label=\"20141008_081329_1000\" class=\"img-responsive wp-image-393 fusion-gallery-image-size-fixed\"  \/><\/a><\/div><\/div><div style=\"padding:5px;\" class=\"fusion-grid-column fusion-gallery-column fusion-gallery-column-3 hover-type-none\"><div class=\"fusion-gallery-image\"><a href=\"https:\/\/szalokybow.hu\/hu\/wp-content\/uploads\/sites\/2\/2018\/09\/20141008_081342_1000.jpg\" rel=\"noreferrer\" data-rel=\"iLightbox[gallery_image_1]\" class=\"fusion-lightbox\" target=\"_self\"><img decoding=\"async\" src=\"https:\/\/szalokybow.hu\/hu\/wp-content\/uploads\/sites\/2\/2018\/09\/20141008_081342_1000-460x295.jpg\" width=\"460\" height=\"295\" alt=\"\" title=\"20141008_081342_1000\" aria-label=\"20141008_081342_1000\" class=\"img-responsive wp-image-394 fusion-gallery-image-size-fixed\"  \/><\/a><\/div><\/div><div style=\"padding:5px;\" class=\"fusion-grid-column fusion-gallery-column fusion-gallery-column-3 hover-type-none\"><div class=\"fusion-gallery-image\"><a href=\"https:\/\/szalokybow.hu\/hu\/wp-content\/uploads\/sites\/2\/2018\/09\/20141008_081352_1000.jpg\" rel=\"noreferrer\" data-rel=\"iLightbox[gallery_image_1]\" class=\"fusion-lightbox\" target=\"_self\"><img decoding=\"async\" src=\"https:\/\/szalokybow.hu\/hu\/wp-content\/uploads\/sites\/2\/2018\/09\/20141008_081352_1000-460x295.jpg\" width=\"460\" height=\"295\" alt=\"\" title=\"20141008_081352_1000\" aria-label=\"20141008_081352_1000\" class=\"img-responsive wp-image-395 fusion-gallery-image-size-fixed\"  \/><\/a><\/div><\/div><div class=\"clearfix\"><\/div><div style=\"padding:5px;\" class=\"fusion-grid-column fusion-gallery-column fusion-gallery-column-3 hover-type-none\"><div class=\"fusion-gallery-image\"><a href=\"https:\/\/szalokybow.hu\/hu\/wp-content\/uploads\/sites\/2\/2018\/09\/20141008_081356_1000.jpg\" rel=\"noreferrer\" data-rel=\"iLightbox[gallery_image_1]\" class=\"fusion-lightbox\" target=\"_self\"><img decoding=\"async\" src=\"https:\/\/szalokybow.hu\/hu\/wp-content\/uploads\/sites\/2\/2018\/09\/20141008_081356_1000-460x295.jpg\" width=\"460\" height=\"295\" alt=\"\" title=\"20141008_081356_1000\" aria-label=\"20141008_081356_1000\" class=\"img-responsive wp-image-396 fusion-gallery-image-size-fixed\"  \/><\/a><\/div><\/div><div style=\"padding:5px;\" class=\"fusion-grid-column fusion-gallery-column fusion-gallery-column-3 hover-type-none\"><div class=\"fusion-gallery-image\"><a href=\"https:\/\/szalokybow.hu\/hu\/wp-content\/uploads\/sites\/2\/2018\/09\/20160627_154646_1000.jpg\" rel=\"noreferrer\" data-rel=\"iLightbox[gallery_image_1]\" class=\"fusion-lightbox\" target=\"_self\"><img decoding=\"async\" src=\"https:\/\/szalokybow.hu\/hu\/wp-content\/uploads\/sites\/2\/2018\/09\/20160627_154646_1000-460x295.jpg\" width=\"460\" height=\"295\" alt=\"\" title=\"20160627_154646_1000\" aria-label=\"20160627_154646_1000\" class=\"img-responsive wp-image-397 fusion-gallery-image-size-fixed\"  \/><\/a><\/div><\/div><div style=\"padding:5px;\" class=\"fusion-grid-column fusion-gallery-column fusion-gallery-column-3 hover-type-none\"><div class=\"fusion-gallery-image\"><a href=\"https:\/\/szalokybow.hu\/hu\/wp-content\/uploads\/sites\/2\/2018\/09\/20160627_154649_1000.jpg\" rel=\"noreferrer\" data-rel=\"iLightbox[gallery_image_1]\" class=\"fusion-lightbox\" target=\"_self\"><img decoding=\"async\" src=\"https:\/\/szalokybow.hu\/hu\/wp-content\/uploads\/sites\/2\/2018\/09\/20160627_154649_1000-460x295.jpg\" width=\"460\" height=\"295\" alt=\"\" title=\"20160627_154649_1000\" aria-label=\"20160627_154649_1000\" class=\"img-responsive wp-image-398 fusion-gallery-image-size-fixed\"  \/><\/a><\/div><\/div><div class=\"clearfix\"><\/div><div style=\"padding:5px;\" class=\"fusion-grid-column fusion-gallery-column fusion-gallery-column-3 hover-type-none\"><div class=\"fusion-gallery-image\"><a href=\"https:\/\/szalokybow.hu\/hu\/wp-content\/uploads\/sites\/2\/2018\/09\/20160926_133244_1000.jpg\" rel=\"noreferrer\" data-rel=\"iLightbox[gallery_image_1]\" class=\"fusion-lightbox\" target=\"_self\"><img decoding=\"async\" src=\"https:\/\/szalokybow.hu\/hu\/wp-content\/uploads\/sites\/2\/2018\/09\/20160926_133244_1000-460x295.jpg\" width=\"460\" height=\"295\" alt=\"\" title=\"20160926_133244_1000\" aria-label=\"20160926_133244_1000\" class=\"img-responsive wp-image-399 fusion-gallery-image-size-fixed\"  \/><\/a><\/div><\/div><div style=\"padding:5px;\" class=\"fusion-grid-column fusion-gallery-column fusion-gallery-column-3 hover-type-none\"><div class=\"fusion-gallery-image\"><a href=\"https:\/\/szalokybow.hu\/hu\/wp-content\/uploads\/sites\/2\/2018\/09\/20160926_133250_1000.jpg\" rel=\"noreferrer\" data-rel=\"iLightbox[gallery_image_1]\" class=\"fusion-lightbox\" target=\"_self\"><img decoding=\"async\" src=\"https:\/\/szalokybow.hu\/hu\/wp-content\/uploads\/sites\/2\/2018\/09\/20160926_133250_1000-460x295.jpg\" width=\"460\" height=\"295\" alt=\"\" title=\"20160926_133250_1000\" aria-label=\"20160926_133250_1000\" class=\"img-responsive wp-image-400 fusion-gallery-image-size-fixed\"  \/><\/a><\/div><\/div><div style=\"padding:5px;\" class=\"fusion-grid-column fusion-gallery-column fusion-gallery-column-3 hover-type-none\"><div class=\"fusion-gallery-image\"><a href=\"https:\/\/szalokybow.hu\/hu\/wp-content\/uploads\/sites\/2\/2018\/09\/20170307_095512_1000-1.jpg\" rel=\"noreferrer\" data-rel=\"iLightbox[gallery_image_1]\" class=\"fusion-lightbox\" target=\"_self\"><img decoding=\"async\" src=\"https:\/\/szalokybow.hu\/hu\/wp-content\/uploads\/sites\/2\/2018\/09\/20170307_095512_1000-1-460x295.jpg\" width=\"460\" height=\"295\" alt=\"\" title=\"20170307_095512_1000\" aria-label=\"20170307_095512_1000\" class=\"img-responsive wp-image-401 fusion-gallery-image-size-fixed\"  \/><\/a><\/div><\/div><div class=\"clearfix\"><\/div><div style=\"padding:5px;\" class=\"fusion-grid-column fusion-gallery-column fusion-gallery-column-3 hover-type-none\"><div class=\"fusion-gallery-image\"><a href=\"https:\/\/szalokybow.hu\/hu\/wp-content\/uploads\/sites\/2\/2018\/09\/20170307_095521_1000.jpg\" rel=\"noreferrer\" data-rel=\"iLightbox[gallery_image_1]\" class=\"fusion-lightbox\" target=\"_self\"><img decoding=\"async\" src=\"https:\/\/szalokybow.hu\/hu\/wp-content\/uploads\/sites\/2\/2018\/09\/20170307_095521_1000-460x295.jpg\" width=\"460\" height=\"295\" alt=\"\" title=\"20170307_095521_1000\" aria-label=\"20170307_095521_1000\" class=\"img-responsive wp-image-402 fusion-gallery-image-size-fixed\"  \/><\/a><\/div><\/div><div style=\"padding:5px;\" class=\"fusion-grid-column fusion-gallery-column fusion-gallery-column-3 hover-type-none\"><div class=\"fusion-gallery-image\"><a href=\"https:\/\/szalokybow.hu\/hu\/wp-content\/uploads\/sites\/2\/2018\/09\/20170307_095534_1000.jpg\" rel=\"noreferrer\" data-rel=\"iLightbox[gallery_image_1]\" class=\"fusion-lightbox\" target=\"_self\"><img decoding=\"async\" src=\"https:\/\/szalokybow.hu\/hu\/wp-content\/uploads\/sites\/2\/2018\/09\/20170307_095534_1000-460x295.jpg\" width=\"460\" height=\"295\" alt=\"\" title=\"20170307_095534_1000\" aria-label=\"20170307_095534_1000\" class=\"img-responsive wp-image-403 fusion-gallery-image-size-fixed\"  \/><\/a><\/div><\/div><div style=\"padding:5px;\" class=\"fusion-grid-column fusion-gallery-column fusion-gallery-column-3 hover-type-none\"><div class=\"fusion-gallery-image\"><a href=\"https:\/\/szalokybow.hu\/hu\/wp-content\/uploads\/sites\/2\/2018\/09\/20170919_145941_1000.jpg\" rel=\"noreferrer\" data-rel=\"iLightbox[gallery_image_1]\" class=\"fusion-lightbox\" target=\"_self\"><img decoding=\"async\" src=\"https:\/\/szalokybow.hu\/hu\/wp-content\/uploads\/sites\/2\/2018\/09\/20170919_145941_1000-460x295.jpg\" width=\"460\" height=\"295\" alt=\"\" title=\"20170919_145941_1000\" aria-label=\"20170919_145941_1000\" class=\"img-responsive wp-image-404 fusion-gallery-image-size-fixed\"  \/><\/a><\/div><\/div><div class=\"clearfix\"><\/div><div style=\"padding:5px;\" class=\"fusion-grid-column fusion-gallery-column fusion-gallery-column-3 hover-type-none\"><div class=\"fusion-gallery-image\"><a href=\"https:\/\/szalokybow.hu\/hu\/wp-content\/uploads\/sites\/2\/2018\/09\/20170919_145947_1000.jpg\" rel=\"noreferrer\" data-rel=\"iLightbox[gallery_image_1]\" class=\"fusion-lightbox\" target=\"_self\"><img decoding=\"async\" src=\"https:\/\/szalokybow.hu\/hu\/wp-content\/uploads\/sites\/2\/2018\/09\/20170919_145947_1000-460x295.jpg\" width=\"460\" height=\"295\" alt=\"\" title=\"20170919_145947_1000\" aria-label=\"20170919_145947_1000\" class=\"img-responsive wp-image-405 fusion-gallery-image-size-fixed\"  \/><\/a><\/div><\/div><div style=\"padding:5px;\" class=\"fusion-grid-column fusion-gallery-column fusion-gallery-column-3 hover-type-none\"><div class=\"fusion-gallery-image\"><a href=\"https:\/\/szalokybow.hu\/hu\/wp-content\/uploads\/sites\/2\/2018\/09\/20170919_145953_1000.jpg\" rel=\"noreferrer\" data-rel=\"iLightbox[gallery_image_1]\" class=\"fusion-lightbox\" target=\"_self\"><img decoding=\"async\" src=\"https:\/\/szalokybow.hu\/hu\/wp-content\/uploads\/sites\/2\/2018\/09\/20170919_145953_1000-460x295.jpg\" width=\"460\" height=\"295\" alt=\"\" title=\"20170919_145953_1000\" aria-label=\"20170919_145953_1000\" class=\"img-responsive wp-image-406 fusion-gallery-image-size-fixed\"  \/><\/a><\/div><\/div><div style=\"padding:5px;\" class=\"fusion-grid-column fusion-gallery-column fusion-gallery-column-3 hover-type-none\"><div class=\"fusion-gallery-image\"><a href=\"https:\/\/szalokybow.hu\/hu\/wp-content\/uploads\/sites\/2\/2018\/09\/20170919_150005_1000.jpg\" rel=\"noreferrer\" data-rel=\"iLightbox[gallery_image_1]\" class=\"fusion-lightbox\" target=\"_self\"><img decoding=\"async\" src=\"https:\/\/szalokybow.hu\/hu\/wp-content\/uploads\/sites\/2\/2018\/09\/20170919_150005_1000-460x295.jpg\" width=\"460\" height=\"295\" alt=\"\" title=\"20170919_150005_1000\" aria-label=\"20170919_150005_1000\" class=\"img-responsive wp-image-407 fusion-gallery-image-size-fixed\"  \/><\/a><\/div><\/div><div class=\"clearfix\"><\/div><div style=\"padding:5px;\" class=\"fusion-grid-column fusion-gallery-column fusion-gallery-column-3 hover-type-none\"><div class=\"fusion-gallery-image\"><a href=\"https:\/\/szalokybow.hu\/hu\/wp-content\/uploads\/sites\/2\/2018\/09\/20171026_125534_1000.jpg\" rel=\"noreferrer\" data-rel=\"iLightbox[gallery_image_1]\" class=\"fusion-lightbox\" target=\"_self\"><img decoding=\"async\" src=\"https:\/\/szalokybow.hu\/hu\/wp-content\/uploads\/sites\/2\/2018\/09\/20171026_125534_1000-460x295.jpg\" width=\"460\" height=\"295\" alt=\"\" title=\"20171026_125534_1000\" aria-label=\"20171026_125534_1000\" class=\"img-responsive wp-image-408 fusion-gallery-image-size-fixed\"  \/><\/a><\/div><\/div><div style=\"padding:5px;\" class=\"fusion-grid-column fusion-gallery-column fusion-gallery-column-3 hover-type-none\"><div class=\"fusion-gallery-image\"><a href=\"https:\/\/szalokybow.hu\/hu\/wp-content\/uploads\/sites\/2\/2018\/09\/20171026_125549_1200.jpg\" rel=\"noreferrer\" data-rel=\"iLightbox[gallery_image_1]\" class=\"fusion-lightbox\" target=\"_self\"><img decoding=\"async\" src=\"https:\/\/szalokybow.hu\/hu\/wp-content\/uploads\/sites\/2\/2018\/09\/20171026_125549_1200-460x295.jpg\" width=\"460\" height=\"295\" alt=\"\" title=\"20171026_125549_1200\" aria-label=\"20171026_125549_1200\" class=\"img-responsive wp-image-409 fusion-gallery-image-size-fixed\"  \/><\/a><\/div><\/div><div style=\"padding:5px;\" class=\"fusion-grid-column fusion-gallery-column fusion-gallery-column-3 hover-type-none\"><div class=\"fusion-gallery-image\"><a href=\"https:\/\/szalokybow.hu\/hu\/wp-content\/uploads\/sites\/2\/2018\/09\/20171026_125551_1200.jpg\" rel=\"noreferrer\" data-rel=\"iLightbox[gallery_image_1]\" class=\"fusion-lightbox\" target=\"_self\"><img decoding=\"async\" src=\"https:\/\/szalokybow.hu\/hu\/wp-content\/uploads\/sites\/2\/2018\/09\/20171026_125551_1200-460x295.jpg\" width=\"460\" height=\"295\" alt=\"\" title=\"20171026_125551_1200\" aria-label=\"20171026_125551_1200\" class=\"img-responsive wp-image-410 fusion-gallery-image-size-fixed\"  \/><\/a><\/div><\/div><div class=\"clearfix\"><\/div><div style=\"padding:5px;\" class=\"fusion-grid-column fusion-gallery-column fusion-gallery-column-3 hover-type-none\"><div class=\"fusion-gallery-image\"><a href=\"https:\/\/szalokybow.hu\/hu\/wp-content\/uploads\/sites\/2\/2018\/09\/20171026_125554_1200.jpg\" rel=\"noreferrer\" data-rel=\"iLightbox[gallery_image_1]\" class=\"fusion-lightbox\" target=\"_self\"><img decoding=\"async\" src=\"https:\/\/szalokybow.hu\/hu\/wp-content\/uploads\/sites\/2\/2018\/09\/20171026_125554_1200-460x295.jpg\" width=\"460\" height=\"295\" alt=\"\" title=\"20171026_125554_1200\" aria-label=\"20171026_125554_1200\" class=\"img-responsive wp-image-411 fusion-gallery-image-size-fixed\"  \/><\/a><\/div><\/div><\/div><\/div><div class=\"fusion-clearfix\"><\/div><\/div><\/div><\/div><\/div>\n","protected":false},"excerpt":{"rendered":"","protected":false},"author":1,"featured_media":0,"parent":0,"menu_order":0,"comment_status":"closed","ping_status":"closed","template":"100-width.php","meta":{"footnotes":""},"class_list":["post-392","page","type-page","status-publish","hentry"],"yoast_head":"<!-- This site is optimized with the Yoast SEO plugin v27.3 - https:\/\/yoast.com\/product\/yoast-seo-wordpress\/ -->\n<title>IFAA longbow | Szal\u00f3ky Istv\u00e1n \u00edjk\u00e9sz\u00edt\u0151<\/title>\n<meta name=\"robots\" content=\"index, follow, max-snippet:-1, max-image-preview:large, max-video-preview:-1\" \/>\n<link rel=\"canonical\" href=\"https:\/\/szalokybow.hu\/hu\/ifaa-longbow\/\" \/>\n<meta property=\"og:locale\" content=\"hu_HU\" \/>\n<meta property=\"og:type\" content=\"article\" \/>\n<meta property=\"og:title\" content=\"IFAA longbow | Szal\u00f3ky Istv\u00e1n \u00edjk\u00e9sz\u00edt\u0151\" \/>\n<meta property=\"og:url\" content=\"https:\/\/szalokybow.hu\/hu\/ifaa-longbow\/\" \/>\n<meta property=\"og:site_name\" content=\"Szal\u00f3ky Istv\u00e1n \u00edjk\u00e9sz\u00edt\u0151\" \/>\n<meta property=\"article:publisher\" content=\"https:\/\/www.facebook.com\/istvan.szaloky\" \/>\n<meta property=\"article:modified_time\" content=\"2018-09-18T17:31:19+00:00\" \/>\n<meta name=\"twitter:card\" content=\"summary_large_image\" \/>\n<meta name=\"twitter:label1\" content=\"Becs\u00fclt olvas\u00e1si id\u0151\" \/>\n\t<meta name=\"twitter:data1\" content=\"2 perc\" \/>\n<script type=\"application\/ld+json\" class=\"yoast-schema-graph\">{\"@context\":\"https:\\\/\\\/schema.org\",\"@graph\":[{\"@type\":\"WebPage\",\"@id\":\"https:\\\/\\\/szalokybow.hu\\\/hu\\\/ifaa-longbow\\\/\",\"url\":\"https:\\\/\\\/szalokybow.hu\\\/hu\\\/ifaa-longbow\\\/\",\"name\":\"IFAA longbow | Szal\u00f3ky Istv\u00e1n \u00edjk\u00e9sz\u00edt\u0151\",\"isPartOf\":{\"@id\":\"https:\\\/\\\/szalokybow.hu\\\/hu\\\/#website\"},\"datePublished\":\"2018-09-07T15:26:18+00:00\",\"dateModified\":\"2018-09-18T17:31:19+00:00\",\"breadcrumb\":{\"@id\":\"https:\\\/\\\/szalokybow.hu\\\/hu\\\/ifaa-longbow\\\/#breadcrumb\"},\"inLanguage\":\"hu\",\"potentialAction\":[{\"@type\":\"ReadAction\",\"target\":[\"https:\\\/\\\/szalokybow.hu\\\/hu\\\/ifaa-longbow\\\/\"]}]},{\"@type\":\"BreadcrumbList\",\"@id\":\"https:\\\/\\\/szalokybow.hu\\\/hu\\\/ifaa-longbow\\\/#breadcrumb\",\"itemListElement\":[{\"@type\":\"ListItem\",\"position\":1,\"name\":\"Home\",\"item\":\"https:\\\/\\\/szalokybow.hu\\\/hu\\\/\"},{\"@type\":\"ListItem\",\"position\":2,\"name\":\"IFAA longbow\"}]},{\"@type\":\"WebSite\",\"@id\":\"https:\\\/\\\/szalokybow.hu\\\/hu\\\/#website\",\"url\":\"https:\\\/\\\/szalokybow.hu\\\/hu\\\/\",\"name\":\"Szal\u00f3ky Istv\u00e1n \u00edjk\u00e9sz\u00edt\u0151\",\"description\":\"Szal\u00f3ky Istv\u00e1n \u00edjk\u00e9sz\u00edt\u0151 honlapja. Reflex\u00edj, take down reflex\u00edj \u00e9s longbow \u00edjak k\u00e9sz\u00edt\u00e9se egyedi megrendel\u00e9sre, testre szabva.\",\"potentialAction\":[{\"@type\":\"SearchAction\",\"target\":{\"@type\":\"EntryPoint\",\"urlTemplate\":\"https:\\\/\\\/szalokybow.hu\\\/hu\\\/?s={search_term_string}\"},\"query-input\":{\"@type\":\"PropertyValueSpecification\",\"valueRequired\":true,\"valueName\":\"search_term_string\"}}],\"inLanguage\":\"hu\"}]}<\/script>\n<!-- \/ Yoast SEO plugin. -->","yoast_head_json":{"title":"IFAA longbow | Szal\u00f3ky Istv\u00e1n \u00edjk\u00e9sz\u00edt\u0151","robots":{"index":"index","follow":"follow","max-snippet":"max-snippet:-1","max-image-preview":"max-image-preview:large","max-video-preview":"max-video-preview:-1"},"canonical":"https:\/\/szalokybow.hu\/hu\/ifaa-longbow\/","og_locale":"hu_HU","og_type":"article","og_title":"IFAA longbow | Szal\u00f3ky Istv\u00e1n \u00edjk\u00e9sz\u00edt\u0151","og_url":"https:\/\/szalokybow.hu\/hu\/ifaa-longbow\/","og_site_name":"Szal\u00f3ky Istv\u00e1n \u00edjk\u00e9sz\u00edt\u0151","article_publisher":"https:\/\/www.facebook.com\/istvan.szaloky","article_modified_time":"2018-09-18T17:31:19+00:00","twitter_card":"summary_large_image","twitter_misc":{"Becs\u00fclt olvas\u00e1si id\u0151":"2 perc"},"schema":{"@context":"https:\/\/schema.org","@graph":[{"@type":"WebPage","@id":"https:\/\/szalokybow.hu\/hu\/ifaa-longbow\/","url":"https:\/\/szalokybow.hu\/hu\/ifaa-longbow\/","name":"IFAA longbow | Szal\u00f3ky Istv\u00e1n \u00edjk\u00e9sz\u00edt\u0151","isPartOf":{"@id":"https:\/\/szalokybow.hu\/hu\/#website"},"datePublished":"2018-09-07T15:26:18+00:00","dateModified":"2018-09-18T17:31:19+00:00","breadcrumb":{"@id":"https:\/\/szalokybow.hu\/hu\/ifaa-longbow\/#breadcrumb"},"inLanguage":"hu","potentialAction":[{"@type":"ReadAction","target":["https:\/\/szalokybow.hu\/hu\/ifaa-longbow\/"]}]},{"@type":"BreadcrumbList","@id":"https:\/\/szalokybow.hu\/hu\/ifaa-longbow\/#breadcrumb","itemListElement":[{"@type":"ListItem","position":1,"name":"Home","item":"https:\/\/szalokybow.hu\/hu\/"},{"@type":"ListItem","position":2,"name":"IFAA longbow"}]},{"@type":"WebSite","@id":"https:\/\/szalokybow.hu\/hu\/#website","url":"https:\/\/szalokybow.hu\/hu\/","name":"Szal\u00f3ky Istv\u00e1n \u00edjk\u00e9sz\u00edt\u0151","description":"Szal\u00f3ky Istv\u00e1n \u00edjk\u00e9sz\u00edt\u0151 honlapja. Reflex\u00edj, take down reflex\u00edj \u00e9s longbow \u00edjak k\u00e9sz\u00edt\u00e9se egyedi megrendel\u00e9sre, testre szabva.","potentialAction":[{"@type":"SearchAction","target":{"@type":"EntryPoint","urlTemplate":"https:\/\/szalokybow.hu\/hu\/?s={search_term_string}"},"query-input":{"@type":"PropertyValueSpecification","valueRequired":true,"valueName":"search_term_string"}}],"inLanguage":"hu"}]}},"_links":{"self":[{"href":"https:\/\/szalokybow.hu\/hu\/wp-json\/wp\/v2\/pages\/392","targetHints":{"allow":["GET"]}}],"collection":[{"href":"https:\/\/szalokybow.hu\/hu\/wp-json\/wp\/v2\/pages"}],"about":[{"href":"https:\/\/szalokybow.hu\/hu\/wp-json\/wp\/v2\/types\/page"}],"author":[{"embeddable":true,"href":"https:\/\/szalokybow.hu\/hu\/wp-json\/wp\/v2\/users\/1"}],"replies":[{"embeddable":true,"href":"https:\/\/szalokybow.hu\/hu\/wp-json\/wp\/v2\/comments?post=392"}],"version-history":[{"count":3,"href":"https:\/\/szalokybow.hu\/hu\/wp-json\/wp\/v2\/pages\/392\/revisions"}],"predecessor-version":[{"id":437,"href":"https:\/\/szalokybow.hu\/hu\/wp-json\/wp\/v2\/pages\/392\/revisions\/437"}],"wp:attachment":[{"href":"https:\/\/szalokybow.hu\/hu\/wp-json\/wp\/v2\/media?parent=392"}],"curies":[{"name":"wp","href":"https:\/\/api.w.org\/{rel}","templated":true}]}}