{"id":27,"date":"2018-02-27T17:37:09","date_gmt":"2018-02-27T17:37:09","guid":{"rendered":"http:\/\/szalokybow.hu\/hu\/?page_id=27"},"modified":"2023-11-23T21:24:32","modified_gmt":"2023-11-23T20:24:32","slug":"kapcsolat","status":"publish","type":"page","link":"https:\/\/szalokybow.hu\/hu\/kapcsolat\/","title":{"rendered":"Kapcsolat"},"content":{"rendered":"<p><div class=\"fusion-fullwidth fullwidth-box fusion-builder-row-1 nonhundred-percent-fullwidth non-hundred-percent-height-scrolling\" style=\"--awb-border-radius-top-left:0px;--awb-border-radius-top-right:0px;--awb-border-radius-bottom-right:0px;--awb-border-radius-bottom-left:0px;--awb-padding-top:55px;--awb-padding-bottom:55px;--awb-background-color:#f8f1e9;--awb-flex-wrap:wrap;\" ><div class=\"fusion-builder-row fusion-row\"><div class=\"fusion-layout-column fusion_builder_column fusion-builder-column-0 fusion_builder_column_1_2 1_2 fusion-one-half fusion-column-first\" style=\"--awb-bg-size:cover;width:50%;width:calc(50% - ( ( 4% ) * 0.5 ) );margin-right: 4%;\"><div class=\"fusion-column-wrapper fusion-flex-column-wrapper-legacy\"><div class=\"fusion-title title fusion-title-1 fusion-sep-none fusion-title-text fusion-title-size-one\"><h1 class=\"fusion-title-heading title-heading-left\" style=\"margin:0;\">Kapcsolat<\/h1><\/div><div class=\"fusion-text fusion-text-1\"><p>\u00cdjat szeretn\u00e9l, vagy csak k\u00e9rd\u00e9sed lenne? Keress bizalommal.<\/p>\n<p><strong>Szal\u00f3ky Istv\u00e1n<br \/>\n<\/strong><strong>\u00edjk\u00e9sz\u00edt\u0151<\/strong><\/p>\n<p><span style=\"color: #ab8b65;\"><strong>Mobil:<\/strong><\/span>\u00a0+36 30 9 608 463<br \/>\n<strong><span style=\"color: #ab8b65;\">E-mail:<\/span>\u00a0<\/strong>harompi4@gmail.com<br \/>\n<strong><span style=\"color: #ab8b65;\">C\u00edm:<\/span>\u00a0<\/strong>8315 Gyenesdi\u00e1s<\/p>\n<\/div><div class=\"fusion-clearfix\"><\/div><\/div><\/div><div class=\"fusion-layout-column fusion_builder_column fusion-builder-column-1 fusion_builder_column_1_2 1_2 fusion-one-half fusion-column-last\" style=\"--awb-bg-size:cover;width:50%;width:calc(50% - ( ( 4% ) * 0.5 ) );\"><div class=\"fusion-column-wrapper fusion-flex-column-wrapper-legacy\"><div class=\"fusion-image-element in-legacy-container\" style=\"--awb-caption-title-font-family:var(--h2_typography-font-family);--awb-caption-title-font-weight:var(--h2_typography-font-weight);--awb-caption-title-font-style:var(--h2_typography-font-style);--awb-caption-title-size:var(--h2_typography-font-size);--awb-caption-title-transform:var(--h2_typography-text-transform);--awb-caption-title-line-height:var(--h2_typography-line-height);--awb-caption-title-letter-spacing:var(--h2_typography-letter-spacing);\"><span class=\" fusion-imageframe imageframe-none imageframe-1 hover-type-none\"><img decoding=\"async\" width=\"528\" height=\"529\" title=\"szaloky_istvan\" src=\"http:\/\/szalokybow.hu\/hu\/wp-content\/uploads\/sites\/2\/2018\/03\/szaloky_istvan.jpg\" alt class=\"img-responsive wp-image-80\"\/><\/span><\/div><div class=\"fusion-clearfix\"><\/div><\/div><\/div><\/div><\/div><div class=\"fusion-fullwidth fullwidth-box fusion-builder-row-2 hundred-percent-fullwidth non-hundred-percent-height-scrolling\" style=\"--awb-border-radius-top-left:0px;--awb-border-radius-top-right:0px;--awb-border-radius-bottom-right:0px;--awb-border-radius-bottom-left:0px;--awb-padding-right:0px;--awb-padding-left:0px;--awb-flex-wrap:wrap;\" ><div class=\"fusion-builder-row fusion-row\"><div class=\"fusion-layout-column fusion_builder_column fusion-builder-column-2 fusion_builder_column_1_1 1_1 fusion-one-full fusion-column-first fusion-column-last\" style=\"--awb-bg-size:cover;--awb-margin-bottom:0px;\"><div class=\"fusion-column-wrapper fusion-flex-column-wrapper-legacy\"><div class=\"fusion-sep-clear\"><\/div><div class=\"fusion-separator fusion-full-width-sep\" style=\"margin-left: auto;margin-right: auto;margin-top:0px;margin-bottom:0px;width:100%;\"><div class=\"fusion-separator-border sep-single sep-solid\" style=\"--awb-height:20px;--awb-amount:20px;--awb-sep-color:#ab8b65;border-color:#ab8b65;border-top-width:12px;\"><\/div><\/div><div class=\"fusion-sep-clear\"><\/div>\t\t\t\t\t<script type=\"text\/javascript\">\n\t\t\t\t\t\tvar map_fusion_map_69d59486824c4;\n\t\t\t\t\t\tvar markers = [];\n\t\t\t\t\t\tvar counter = 0;\n\t\t\t\t\t\t\t\t\t\t\t\t\t\t\t\t\t\t\t\tvar fusionMapNonce = '4fdc9055f1';\n\t\t\t\t\t\t\t\t\t\t\t\tfunction fusion_run_map_fusion_map_69d59486824c4() {\n\t\t\t\t\t\t\tjQuery ('#fusion_map_69d59486824c4' ).fusion_maps( {\n\t\t\t\t\t\t\t\taddresses: [{\"address\":\"Gyenesdi\\u00e1s\",\"infobox_content\":\"Gyenesdi\\u00e1s\",\"coordinates\":false,\"cache\":true,\"latitude\":\"46.77366689999999\",\"longitude\":\"17.2851781\"}],\n\t\t\t\t\t\t\t\tanimations: false,\n\t\t\t\t\t\t\t\tinfobox_background_color: '',\n\t\t\t\t\t\t\t\tinfobox_styling: 'default',\n\t\t\t\t\t\t\t\tinfobox_text_color: '',\n\t\t\t\t\t\t\t\tmap_style: 'default',\n\t\t\t\t\t\t\t\tmap_type: 'roadmap',\n\t\t\t\t\t\t\t\tmarker_icon: '',\n\t\t\t\t\t\t\t\toverlay_color: '',\n\t\t\t\t\t\t\t\toverlay_color_hsl: {\"hue\":0,\"sat\":0,\"lum\":100},\n\t\t\t\t\t\t\t\tshow_address: true,\n\t\t\t\t\t\t\t\tscale_control: true,\n\t\t\t\t\t\t\t\tscrollwheel: false,\n\t\t\t\t\t\t\t\tzoom: 14,\n\t\t\t\t\t\t\t\tzoom_control: true,\n\t\t\t\t\t\t\t} );\n\t\t\t\t\t\t}\n\n\t\t\t\t\t\tgoogle.maps.event.addDomListener(window, 'load', fusion_run_map_fusion_map_69d59486824c4);\n\t\t\t\t\t<\/script>\n\t\t\t\t\t<div class=\"shortcode-map fusion-google-map fusion-maps-js-type\" style=\"--awb-height:600px;\" id=\"fusion_map_69d59486824c4\"><\/div><div class=\"fusion-clearfix\"><\/div><\/div><\/div><\/div><\/div><\/p>\n","protected":false},"excerpt":{"rendered":"","protected":false},"author":1,"featured_media":0,"parent":0,"menu_order":0,"comment_status":"closed","ping_status":"closed","template":"100-width.php","meta":{"footnotes":""},"class_list":["post-27","page","type-page","status-publish","hentry"],"yoast_head":"<!-- This site is optimized with the Yoast SEO plugin v27.3 - https:\/\/yoast.com\/product\/yoast-seo-wordpress\/ -->\n<title>Kapcsolat | Szal\u00f3ky Istv\u00e1n \u00edjk\u00e9sz\u00edt\u0151<\/title>\n<meta name=\"robots\" content=\"index, follow, max-snippet:-1, max-image-preview:large, max-video-preview:-1\" \/>\n<link rel=\"canonical\" href=\"https:\/\/szalokybow.hu\/hu\/kapcsolat\/\" \/>\n<meta property=\"og:locale\" content=\"hu_HU\" \/>\n<meta property=\"og:type\" content=\"article\" \/>\n<meta property=\"og:title\" content=\"Kapcsolat | Szal\u00f3ky Istv\u00e1n \u00edjk\u00e9sz\u00edt\u0151\" \/>\n<meta property=\"og:url\" content=\"https:\/\/szalokybow.hu\/hu\/kapcsolat\/\" \/>\n<meta property=\"og:site_name\" content=\"Szal\u00f3ky Istv\u00e1n \u00edjk\u00e9sz\u00edt\u0151\" \/>\n<meta property=\"article:publisher\" content=\"https:\/\/www.facebook.com\/istvan.szaloky\" \/>\n<meta property=\"article:modified_time\" content=\"2023-11-23T20:24:32+00:00\" \/>\n<meta name=\"twitter:card\" content=\"summary_large_image\" \/>\n<meta name=\"twitter:label1\" content=\"Becs\u00fclt olvas\u00e1si id\u0151\" \/>\n\t<meta name=\"twitter:data1\" content=\"4 perc\" \/>\n<script type=\"application\/ld+json\" class=\"yoast-schema-graph\">{\"@context\":\"https:\\\/\\\/schema.org\",\"@graph\":[{\"@type\":\"WebPage\",\"@id\":\"https:\\\/\\\/szalokybow.hu\\\/hu\\\/kapcsolat\\\/\",\"url\":\"https:\\\/\\\/szalokybow.hu\\\/hu\\\/kapcsolat\\\/\",\"name\":\"Kapcsolat | Szal\u00f3ky Istv\u00e1n \u00edjk\u00e9sz\u00edt\u0151\",\"isPartOf\":{\"@id\":\"https:\\\/\\\/szalokybow.hu\\\/hu\\\/#website\"},\"datePublished\":\"2018-02-27T17:37:09+00:00\",\"dateModified\":\"2023-11-23T20:24:32+00:00\",\"breadcrumb\":{\"@id\":\"https:\\\/\\\/szalokybow.hu\\\/hu\\\/kapcsolat\\\/#breadcrumb\"},\"inLanguage\":\"hu\",\"potentialAction\":[{\"@type\":\"ReadAction\",\"target\":[\"https:\\\/\\\/szalokybow.hu\\\/hu\\\/kapcsolat\\\/\"]}]},{\"@type\":\"BreadcrumbList\",\"@id\":\"https:\\\/\\\/szalokybow.hu\\\/hu\\\/kapcsolat\\\/#breadcrumb\",\"itemListElement\":[{\"@type\":\"ListItem\",\"position\":1,\"name\":\"Home\",\"item\":\"https:\\\/\\\/szalokybow.hu\\\/hu\\\/\"},{\"@type\":\"ListItem\",\"position\":2,\"name\":\"Kapcsolat\"}]},{\"@type\":\"WebSite\",\"@id\":\"https:\\\/\\\/szalokybow.hu\\\/hu\\\/#website\",\"url\":\"https:\\\/\\\/szalokybow.hu\\\/hu\\\/\",\"name\":\"Szal\u00f3ky Istv\u00e1n \u00edjk\u00e9sz\u00edt\u0151\",\"description\":\"Szal\u00f3ky Istv\u00e1n \u00edjk\u00e9sz\u00edt\u0151 honlapja. Reflex\u00edj, take down reflex\u00edj \u00e9s longbow \u00edjak k\u00e9sz\u00edt\u00e9se egyedi megrendel\u00e9sre, testre szabva.\",\"potentialAction\":[{\"@type\":\"SearchAction\",\"target\":{\"@type\":\"EntryPoint\",\"urlTemplate\":\"https:\\\/\\\/szalokybow.hu\\\/hu\\\/?s={search_term_string}\"},\"query-input\":{\"@type\":\"PropertyValueSpecification\",\"valueRequired\":true,\"valueName\":\"search_term_string\"}}],\"inLanguage\":\"hu\"}]}<\/script>\n<!-- \/ Yoast SEO plugin. -->","yoast_head_json":{"title":"Kapcsolat | Szal\u00f3ky Istv\u00e1n \u00edjk\u00e9sz\u00edt\u0151","robots":{"index":"index","follow":"follow","max-snippet":"max-snippet:-1","max-image-preview":"max-image-preview:large","max-video-preview":"max-video-preview:-1"},"canonical":"https:\/\/szalokybow.hu\/hu\/kapcsolat\/","og_locale":"hu_HU","og_type":"article","og_title":"Kapcsolat | Szal\u00f3ky Istv\u00e1n \u00edjk\u00e9sz\u00edt\u0151","og_url":"https:\/\/szalokybow.hu\/hu\/kapcsolat\/","og_site_name":"Szal\u00f3ky Istv\u00e1n \u00edjk\u00e9sz\u00edt\u0151","article_publisher":"https:\/\/www.facebook.com\/istvan.szaloky","article_modified_time":"2023-11-23T20:24:32+00:00","twitter_card":"summary_large_image","twitter_misc":{"Becs\u00fclt olvas\u00e1si id\u0151":"4 perc"},"schema":{"@context":"https:\/\/schema.org","@graph":[{"@type":"WebPage","@id":"https:\/\/szalokybow.hu\/hu\/kapcsolat\/","url":"https:\/\/szalokybow.hu\/hu\/kapcsolat\/","name":"Kapcsolat | Szal\u00f3ky Istv\u00e1n \u00edjk\u00e9sz\u00edt\u0151","isPartOf":{"@id":"https:\/\/szalokybow.hu\/hu\/#website"},"datePublished":"2018-02-27T17:37:09+00:00","dateModified":"2023-11-23T20:24:32+00:00","breadcrumb":{"@id":"https:\/\/szalokybow.hu\/hu\/kapcsolat\/#breadcrumb"},"inLanguage":"hu","potentialAction":[{"@type":"ReadAction","target":["https:\/\/szalokybow.hu\/hu\/kapcsolat\/"]}]},{"@type":"BreadcrumbList","@id":"https:\/\/szalokybow.hu\/hu\/kapcsolat\/#breadcrumb","itemListElement":[{"@type":"ListItem","position":1,"name":"Home","item":"https:\/\/szalokybow.hu\/hu\/"},{"@type":"ListItem","position":2,"name":"Kapcsolat"}]},{"@type":"WebSite","@id":"https:\/\/szalokybow.hu\/hu\/#website","url":"https:\/\/szalokybow.hu\/hu\/","name":"Szal\u00f3ky Istv\u00e1n \u00edjk\u00e9sz\u00edt\u0151","description":"Szal\u00f3ky Istv\u00e1n \u00edjk\u00e9sz\u00edt\u0151 honlapja. Reflex\u00edj, take down reflex\u00edj \u00e9s longbow \u00edjak k\u00e9sz\u00edt\u00e9se egyedi megrendel\u00e9sre, testre szabva.","potentialAction":[{"@type":"SearchAction","target":{"@type":"EntryPoint","urlTemplate":"https:\/\/szalokybow.hu\/hu\/?s={search_term_string}"},"query-input":{"@type":"PropertyValueSpecification","valueRequired":true,"valueName":"search_term_string"}}],"inLanguage":"hu"}]}},"_links":{"self":[{"href":"https:\/\/szalokybow.hu\/hu\/wp-json\/wp\/v2\/pages\/27","targetHints":{"allow":["GET"]}}],"collection":[{"href":"https:\/\/szalokybow.hu\/hu\/wp-json\/wp\/v2\/pages"}],"about":[{"href":"https:\/\/szalokybow.hu\/hu\/wp-json\/wp\/v2\/types\/page"}],"author":[{"embeddable":true,"href":"https:\/\/szalokybow.hu\/hu\/wp-json\/wp\/v2\/users\/1"}],"replies":[{"embeddable":true,"href":"https:\/\/szalokybow.hu\/hu\/wp-json\/wp\/v2\/comments?post=27"}],"version-history":[{"count":18,"href":"https:\/\/szalokybow.hu\/hu\/wp-json\/wp\/v2\/pages\/27\/revisions"}],"predecessor-version":[{"id":585,"href":"https:\/\/szalokybow.hu\/hu\/wp-json\/wp\/v2\/pages\/27\/revisions\/585"}],"wp:attachment":[{"href":"https:\/\/szalokybow.hu\/hu\/wp-json\/wp\/v2\/media?parent=27"}],"curies":[{"name":"wp","href":"https:\/\/api.w.org\/{rel}","templated":true}]}}