{"id":249,"date":"2018-06-28T14:37:31","date_gmt":"2018-06-28T14:37:31","guid":{"rendered":"http:\/\/szalokybow.hu\/hu\/?page_id=249"},"modified":"2024-10-28T17:14:23","modified_gmt":"2024-10-28T16:14:23","slug":"ilf","status":"publish","type":"page","link":"https:\/\/szalokybow.hu\/hu\/ilf\/","title":{"rendered":"ILF"},"content":{"rendered":"<p><div class=\"fusion-fullwidth fullwidth-box fusion-builder-row-1 hundred-percent-fullwidth non-hundred-percent-height-scrolling\" style=\"--awb-border-radius-top-left:0px;--awb-border-radius-top-right:0px;--awb-border-radius-bottom-right:0px;--awb-border-radius-bottom-left:0px;--awb-padding-top:0px;--awb-padding-right:0px;--awb-padding-left:0px;--awb-flex-wrap:wrap;\" ><div class=\"fusion-builder-row fusion-row\"><div class=\"fusion-layout-column fusion_builder_column fusion-builder-column-0 fusion_builder_column_1_1 1_1 fusion-one-full fusion-column-first fusion-column-last\" style=\"--awb-bg-size:cover;\"><div class=\"fusion-column-wrapper fusion-flex-column-wrapper-legacy\"><div class=\"fusion-image-element fusion-image-align-center in-legacy-container\" style=\"text-align:center;--awb-caption-title-font-family:var(--h2_typography-font-family);--awb-caption-title-font-weight:var(--h2_typography-font-weight);--awb-caption-title-font-style:var(--h2_typography-font-style);--awb-caption-title-size:var(--h2_typography-font-size);--awb-caption-title-transform:var(--h2_typography-text-transform);--awb-caption-title-line-height:var(--h2_typography-line-height);--awb-caption-title-letter-spacing:var(--h2_typography-letter-spacing);\"><div class=\"imageframe-align-center\"><span class=\" fusion-imageframe imageframe-dropshadow imageframe-1 hover-type-none\" style=\"-webkit-box-shadow: 3px 3px 7px rgba(0,0,0,0.3);box-shadow: 3px 3px 7px rgba(0,0,0,0.3);\"><img decoding=\"async\" width=\"1920\" height=\"687\" alt=\"Szal\u00f3ky \u00edjk\u00e9sz\u00edt\u00e9s ilf\" title=\"ilf_header\" src=\"http:\/\/szalokybow.hu\/hu\/wp-content\/uploads\/sites\/2\/2018\/07\/ilf_header-e1536327454967.jpg\" class=\"img-responsive wp-image-256\"\/><\/span><\/div><\/div><div class=\"fusion-clearfix\"><\/div><\/div><\/div><\/div><\/div><div class=\"fusion-fullwidth fullwidth-box fusion-builder-row-2 nonhundred-percent-fullwidth non-hundred-percent-height-scrolling\" style=\"--awb-border-radius-top-left:0px;--awb-border-radius-top-right:0px;--awb-border-radius-bottom-right:0px;--awb-border-radius-bottom-left:0px;--awb-padding-top:55px;--awb-flex-wrap:wrap;\" ><div class=\"fusion-builder-row fusion-row\"><div class=\"fusion-layout-column fusion_builder_column fusion-builder-column-1 fusion_builder_column_1_1 1_1 fusion-one-full fusion-column-first fusion-column-last\" style=\"--awb-bg-size:cover;\"><div class=\"fusion-column-wrapper fusion-flex-column-wrapper-legacy\"><div class=\"fusion-title title fusion-title-1 fusion-sep-none fusion-title-text fusion-title-size-one\"><h1 class=\"fusion-title-heading title-heading-left\" style=\"margin:0;\">ILF markolat<\/h1><\/div><div class=\"fusion-text fusion-text-1\"><p>Az ILF markolat a leg\u00fajabb fejleszt\u00e9sem. Egyedi, ez\u00e9rt egyedi szersz\u00e1mok \u00e9s sablonok sz\u00fcks\u00e9gesek a k\u00e9sz\u00edt\u00e9s\u00e9hez. A f\u00e9m alkatr\u00e9szeit cnc g\u00e9pen k\u00e9sz\u00edttetem el, saj\u00e1t elk\u00e9pzel\u00e9s alapj\u00e1n, a szabv\u00e1nyhoz igazodva. A karok oldal \u00e1ll\u00edt\u00e1si lehet\u0151s\u00e9ge egyedi, egyszer\u0171 \u00e9s megb\u00edzhat\u00f3. A markolathoz haszn\u00e1lhat\u00f3 minden, ezt a szabv\u00e1nyt haszn\u00e1l\u00f3 gy\u00e1rt\u00f3 karja. 22-23&#8243; hossz\u00fas\u00e1gban k\u00e9sz\u00fcl. M\u00e1r elkezdtem a saj\u00e1t karok tervez\u00e9s\u00e9t is.<\/p>\n<\/div><div class=\"awb-gallery-wrapper awb-gallery-wrapper-1 button-span-no\" style=\"--more-btn-alignment:center;\"><div style=\"margin:-5px;--awb-bordersize:0px;\" class=\"fusion-gallery fusion-gallery-container fusion-grid-3 fusion-columns-total-14 fusion-gallery-layout-grid fusion-gallery-1\"><div style=\"padding:5px;\" class=\"fusion-grid-column fusion-gallery-column fusion-gallery-column-3 hover-type-none\"><div class=\"fusion-gallery-image\"><a href=\"https:\/\/szalokybow.hu\/hu\/wp-content\/uploads\/sites\/2\/2018\/07\/20170705_085513.jpg\" rel=\"noreferrer\" data-rel=\"iLightbox[gallery_image_1]\" class=\"fusion-lightbox\" target=\"_self\"><img decoding=\"async\" src=\"https:\/\/szalokybow.hu\/hu\/wp-content\/uploads\/sites\/2\/2018\/07\/20170705_085513-460x295.jpg\" width=\"460\" height=\"295\" alt=\"\" title=\"20170705_085513\" aria-label=\"20170705_085513\" class=\"img-responsive wp-image-265 fusion-gallery-image-size-fixed\"  \/><\/a><\/div><\/div><div style=\"padding:5px;\" class=\"fusion-grid-column fusion-gallery-column fusion-gallery-column-3 hover-type-none\"><div class=\"fusion-gallery-image\"><a href=\"https:\/\/szalokybow.hu\/hu\/wp-content\/uploads\/sites\/2\/2018\/07\/20170705_085526.jpg\" rel=\"noreferrer\" data-rel=\"iLightbox[gallery_image_1]\" class=\"fusion-lightbox\" target=\"_self\"><img decoding=\"async\" src=\"https:\/\/szalokybow.hu\/hu\/wp-content\/uploads\/sites\/2\/2018\/07\/20170705_085526-460x295.jpg\" width=\"460\" height=\"295\" alt=\"\" title=\"20170705_085526\" aria-label=\"20170705_085526\" class=\"img-responsive wp-image-266 fusion-gallery-image-size-fixed\"  \/><\/a><\/div><\/div><div style=\"padding:5px;\" class=\"fusion-grid-column fusion-gallery-column fusion-gallery-column-3 hover-type-none\"><div class=\"fusion-gallery-image\"><a href=\"https:\/\/szalokybow.hu\/hu\/wp-content\/uploads\/sites\/2\/2018\/07\/20170705_085538.jpg\" rel=\"noreferrer\" data-rel=\"iLightbox[gallery_image_1]\" class=\"fusion-lightbox\" target=\"_self\"><img decoding=\"async\" src=\"https:\/\/szalokybow.hu\/hu\/wp-content\/uploads\/sites\/2\/2018\/07\/20170705_085538-460x295.jpg\" width=\"460\" height=\"295\" alt=\"\" title=\"20170705_085538\" aria-label=\"20170705_085538\" class=\"img-responsive wp-image-267 fusion-gallery-image-size-fixed\"  \/><\/a><\/div><\/div><div class=\"clearfix\"><\/div><div style=\"padding:5px;\" class=\"fusion-grid-column fusion-gallery-column fusion-gallery-column-3 hover-type-none\"><div class=\"fusion-gallery-image\"><a href=\"https:\/\/szalokybow.hu\/hu\/wp-content\/uploads\/sites\/2\/2018\/07\/20170705_085644.jpg\" rel=\"noreferrer\" data-rel=\"iLightbox[gallery_image_1]\" class=\"fusion-lightbox\" target=\"_self\"><img decoding=\"async\" src=\"https:\/\/szalokybow.hu\/hu\/wp-content\/uploads\/sites\/2\/2018\/07\/20170705_085644-460x295.jpg\" width=\"460\" height=\"295\" alt=\"\" title=\"20170705_085644\" aria-label=\"20170705_085644\" class=\"img-responsive wp-image-268 fusion-gallery-image-size-fixed\"  \/><\/a><\/div><\/div><div style=\"padding:5px;\" class=\"fusion-grid-column fusion-gallery-column fusion-gallery-column-3 hover-type-none\"><div class=\"fusion-gallery-image\"><a href=\"https:\/\/szalokybow.hu\/hu\/wp-content\/uploads\/sites\/2\/2018\/07\/20170705_085724.jpg\" rel=\"noreferrer\" data-rel=\"iLightbox[gallery_image_1]\" class=\"fusion-lightbox\" target=\"_self\"><img decoding=\"async\" src=\"https:\/\/szalokybow.hu\/hu\/wp-content\/uploads\/sites\/2\/2018\/07\/20170705_085724-460x295.jpg\" width=\"460\" height=\"295\" alt=\"\" title=\"20170705_085724\" aria-label=\"20170705_085724\" class=\"img-responsive wp-image-271 fusion-gallery-image-size-fixed\"  \/><\/a><\/div><\/div><div style=\"padding:5px;\" class=\"fusion-grid-column fusion-gallery-column fusion-gallery-column-3 hover-type-none\"><div class=\"fusion-gallery-image\"><a href=\"https:\/\/szalokybow.hu\/hu\/wp-content\/uploads\/sites\/2\/2018\/07\/20171205_082340.jpg\" rel=\"noreferrer\" data-rel=\"iLightbox[gallery_image_1]\" class=\"fusion-lightbox\" target=\"_self\"><img decoding=\"async\" src=\"https:\/\/szalokybow.hu\/hu\/wp-content\/uploads\/sites\/2\/2018\/07\/20171205_082340-460x295.jpg\" width=\"460\" height=\"295\" alt=\"\" title=\"20171205_082340\" aria-label=\"20171205_082340\" class=\"img-responsive wp-image-275 fusion-gallery-image-size-fixed\"  \/><\/a><\/div><\/div><div class=\"clearfix\"><\/div><div style=\"padding:5px;\" class=\"fusion-grid-column fusion-gallery-column fusion-gallery-column-3 hover-type-none\"><div class=\"fusion-gallery-image\"><a href=\"https:\/\/szalokybow.hu\/hu\/wp-content\/uploads\/sites\/2\/2018\/07\/20180201_105012.jpg\" rel=\"noreferrer\" data-rel=\"iLightbox[gallery_image_1]\" class=\"fusion-lightbox\" target=\"_self\"><img decoding=\"async\" src=\"https:\/\/szalokybow.hu\/hu\/wp-content\/uploads\/sites\/2\/2018\/07\/20180201_105012-460x295.jpg\" width=\"460\" height=\"295\" alt=\"\" title=\"20180201_105012\" aria-label=\"20180201_105012\" class=\"img-responsive wp-image-279 fusion-gallery-image-size-fixed\"  \/><\/a><\/div><\/div><div style=\"padding:5px;\" class=\"fusion-grid-column fusion-gallery-column fusion-gallery-column-3 hover-type-none\"><div class=\"fusion-gallery-image\"><a href=\"https:\/\/szalokybow.hu\/hu\/wp-content\/uploads\/sites\/2\/2018\/07\/20180201_105025.jpg\" rel=\"noreferrer\" data-rel=\"iLightbox[gallery_image_1]\" class=\"fusion-lightbox\" target=\"_self\"><img decoding=\"async\" src=\"https:\/\/szalokybow.hu\/hu\/wp-content\/uploads\/sites\/2\/2018\/07\/20180201_105025-460x295.jpg\" width=\"460\" height=\"295\" alt=\"\" title=\"20180201_105025\" aria-label=\"20180201_105025\" class=\"img-responsive wp-image-280 fusion-gallery-image-size-fixed\"  \/><\/a><\/div><\/div><div style=\"padding:5px;\" class=\"fusion-grid-column fusion-gallery-column fusion-gallery-column-3 hover-type-none\"><div class=\"fusion-gallery-image\"><a href=\"https:\/\/szalokybow.hu\/hu\/wp-content\/uploads\/sites\/2\/2018\/07\/20180201_105106.jpg\" rel=\"noreferrer\" data-rel=\"iLightbox[gallery_image_1]\" class=\"fusion-lightbox\" target=\"_self\"><img decoding=\"async\" src=\"https:\/\/szalokybow.hu\/hu\/wp-content\/uploads\/sites\/2\/2018\/07\/20180201_105106-460x295.jpg\" width=\"460\" height=\"295\" alt=\"\" title=\"20180201_105106\" aria-label=\"20180201_105106\" class=\"img-responsive wp-image-281 fusion-gallery-image-size-fixed\"  \/><\/a><\/div><\/div><div class=\"clearfix\"><\/div><div style=\"padding:5px;\" class=\"fusion-grid-column fusion-gallery-column fusion-gallery-column-3 hover-type-none\"><div class=\"fusion-gallery-image\"><a href=\"https:\/\/szalokybow.hu\/hu\/wp-content\/uploads\/sites\/2\/2024\/10\/32ea89e2-e121-47c7-9edc-d825372e2b28.jpg\" rel=\"noreferrer\" data-rel=\"iLightbox[gallery_image_1]\" class=\"fusion-lightbox\" target=\"_self\"><img decoding=\"async\" src=\"https:\/\/szalokybow.hu\/hu\/wp-content\/uploads\/sites\/2\/2024\/10\/32ea89e2-e121-47c7-9edc-d825372e2b28-460x295.jpg\" width=\"460\" height=\"295\" alt=\"\" title=\"32ea89e2-e121-47c7-9edc-d825372e2b28\" aria-label=\"32ea89e2-e121-47c7-9edc-d825372e2b28\" class=\"img-responsive wp-image-587 fusion-gallery-image-size-fixed\" srcset=\"https:\/\/szalokybow.hu\/hu\/wp-content\/uploads\/sites\/2\/2024\/10\/32ea89e2-e121-47c7-9edc-d825372e2b28-460x295.jpg 460w, https:\/\/szalokybow.hu\/hu\/wp-content\/uploads\/sites\/2\/2024\/10\/32ea89e2-e121-47c7-9edc-d825372e2b28-621x400.jpg 621w\" sizes=\"(max-width: 460px) 100vw, 460px\" \/><\/a><\/div><\/div><div style=\"padding:5px;\" class=\"fusion-grid-column fusion-gallery-column fusion-gallery-column-3 hover-type-none\"><div class=\"fusion-gallery-image\"><a href=\"https:\/\/szalokybow.hu\/hu\/wp-content\/uploads\/sites\/2\/2024\/10\/b08f0ff0-eb68-453e-9618-7bfa953da4ed.jpg\" rel=\"noreferrer\" data-rel=\"iLightbox[gallery_image_1]\" class=\"fusion-lightbox\" target=\"_self\"><img decoding=\"async\" src=\"https:\/\/szalokybow.hu\/hu\/wp-content\/uploads\/sites\/2\/2024\/10\/b08f0ff0-eb68-453e-9618-7bfa953da4ed-460x295.jpg\" width=\"460\" height=\"295\" alt=\"\" title=\"b08f0ff0-eb68-453e-9618-7bfa953da4ed\" aria-label=\"b08f0ff0-eb68-453e-9618-7bfa953da4ed\" class=\"img-responsive wp-image-588 fusion-gallery-image-size-fixed\"  \/><\/a><\/div><\/div><div style=\"padding:5px;\" class=\"fusion-grid-column fusion-gallery-column fusion-gallery-column-3 hover-type-none\"><div class=\"fusion-gallery-image\"><a href=\"https:\/\/szalokybow.hu\/hu\/wp-content\/uploads\/sites\/2\/2024\/10\/f6c894ac-2e2b-46ac-bc51-90e292b1f79a.jpg\" rel=\"noreferrer\" data-rel=\"iLightbox[gallery_image_1]\" class=\"fusion-lightbox\" target=\"_self\"><img decoding=\"async\" src=\"https:\/\/szalokybow.hu\/hu\/wp-content\/uploads\/sites\/2\/2024\/10\/f6c894ac-2e2b-46ac-bc51-90e292b1f79a-460x295.jpg\" width=\"460\" height=\"295\" alt=\"\" title=\"f6c894ac-2e2b-46ac-bc51-90e292b1f79a\" aria-label=\"f6c894ac-2e2b-46ac-bc51-90e292b1f79a\" class=\"img-responsive wp-image-589 fusion-gallery-image-size-fixed\"  \/><\/a><\/div><\/div><div class=\"clearfix\"><\/div><div style=\"padding:5px;\" class=\"fusion-grid-column fusion-gallery-column fusion-gallery-column-3 hover-type-none\"><div class=\"fusion-gallery-image\"><a href=\"https:\/\/szalokybow.hu\/hu\/wp-content\/uploads\/sites\/2\/2024\/10\/IMG_4350_1.jpg\" rel=\"noreferrer\" data-rel=\"iLightbox[gallery_image_1]\" class=\"fusion-lightbox\" target=\"_self\"><img decoding=\"async\" src=\"https:\/\/szalokybow.hu\/hu\/wp-content\/uploads\/sites\/2\/2024\/10\/IMG_4350_1-460x295.jpg\" width=\"460\" height=\"295\" alt=\"\" title=\"IMG_4350_1\" aria-label=\"IMG_4350_1\" class=\"img-responsive wp-image-590 fusion-gallery-image-size-fixed\"  \/><\/a><\/div><\/div><div style=\"padding:5px;\" class=\"fusion-grid-column fusion-gallery-column fusion-gallery-column-3 hover-type-none\"><div class=\"fusion-gallery-image\"><a href=\"https:\/\/szalokybow.hu\/hu\/wp-content\/uploads\/sites\/2\/2024\/10\/IMG_4362_1.jpg\" rel=\"noreferrer\" data-rel=\"iLightbox[gallery_image_1]\" class=\"fusion-lightbox\" target=\"_self\"><img decoding=\"async\" src=\"https:\/\/szalokybow.hu\/hu\/wp-content\/uploads\/sites\/2\/2024\/10\/IMG_4362_1-460x295.jpg\" width=\"460\" height=\"295\" alt=\"\" title=\"IMG_4362_1\" aria-label=\"IMG_4362_1\" class=\"img-responsive wp-image-591 fusion-gallery-image-size-fixed\"  \/><\/a><\/div><\/div><\/div><\/div><div class=\"fusion-clearfix\"><\/div><\/div><\/div><\/div><\/div><\/p>\n","protected":false},"excerpt":{"rendered":"","protected":false},"author":1,"featured_media":0,"parent":0,"menu_order":0,"comment_status":"closed","ping_status":"closed","template":"100-width.php","meta":{"footnotes":""},"class_list":["post-249","page","type-page","status-publish","hentry"],"yoast_head":"<!-- This site is optimized with the Yoast SEO plugin v27.3 - https:\/\/yoast.com\/product\/yoast-seo-wordpress\/ -->\n<title>ILF | Szal\u00f3ky Istv\u00e1n \u00edjk\u00e9sz\u00edt\u0151<\/title>\n<meta name=\"robots\" content=\"index, follow, max-snippet:-1, max-image-preview:large, max-video-preview:-1\" \/>\n<link rel=\"canonical\" href=\"https:\/\/szalokybow.hu\/hu\/ilf\/\" \/>\n<meta property=\"og:locale\" content=\"hu_HU\" \/>\n<meta property=\"og:type\" content=\"article\" \/>\n<meta property=\"og:title\" content=\"ILF | Szal\u00f3ky Istv\u00e1n \u00edjk\u00e9sz\u00edt\u0151\" \/>\n<meta property=\"og:url\" content=\"https:\/\/szalokybow.hu\/hu\/ilf\/\" \/>\n<meta property=\"og:site_name\" content=\"Szal\u00f3ky Istv\u00e1n \u00edjk\u00e9sz\u00edt\u0151\" \/>\n<meta property=\"article:publisher\" content=\"https:\/\/www.facebook.com\/istvan.szaloky\" \/>\n<meta property=\"article:modified_time\" content=\"2024-10-28T16:14:23+00:00\" \/>\n<meta name=\"twitter:card\" content=\"summary_large_image\" \/>\n<script type=\"application\/ld+json\" class=\"yoast-schema-graph\">{\"@context\":\"https:\\\/\\\/schema.org\",\"@graph\":[{\"@type\":\"WebPage\",\"@id\":\"https:\\\/\\\/szalokybow.hu\\\/hu\\\/ilf\\\/\",\"url\":\"https:\\\/\\\/szalokybow.hu\\\/hu\\\/ilf\\\/\",\"name\":\"ILF | Szal\u00f3ky Istv\u00e1n \u00edjk\u00e9sz\u00edt\u0151\",\"isPartOf\":{\"@id\":\"https:\\\/\\\/szalokybow.hu\\\/hu\\\/#website\"},\"datePublished\":\"2018-06-28T14:37:31+00:00\",\"dateModified\":\"2024-10-28T16:14:23+00:00\",\"breadcrumb\":{\"@id\":\"https:\\\/\\\/szalokybow.hu\\\/hu\\\/ilf\\\/#breadcrumb\"},\"inLanguage\":\"hu\",\"potentialAction\":[{\"@type\":\"ReadAction\",\"target\":[\"https:\\\/\\\/szalokybow.hu\\\/hu\\\/ilf\\\/\"]}]},{\"@type\":\"BreadcrumbList\",\"@id\":\"https:\\\/\\\/szalokybow.hu\\\/hu\\\/ilf\\\/#breadcrumb\",\"itemListElement\":[{\"@type\":\"ListItem\",\"position\":1,\"name\":\"Home\",\"item\":\"https:\\\/\\\/szalokybow.hu\\\/hu\\\/\"},{\"@type\":\"ListItem\",\"position\":2,\"name\":\"ILF\"}]},{\"@type\":\"WebSite\",\"@id\":\"https:\\\/\\\/szalokybow.hu\\\/hu\\\/#website\",\"url\":\"https:\\\/\\\/szalokybow.hu\\\/hu\\\/\",\"name\":\"Szal\u00f3ky Istv\u00e1n \u00edjk\u00e9sz\u00edt\u0151\",\"description\":\"Szal\u00f3ky Istv\u00e1n \u00edjk\u00e9sz\u00edt\u0151 honlapja. Reflex\u00edj, take down reflex\u00edj \u00e9s longbow \u00edjak k\u00e9sz\u00edt\u00e9se egyedi megrendel\u00e9sre, testre szabva.\",\"potentialAction\":[{\"@type\":\"SearchAction\",\"target\":{\"@type\":\"EntryPoint\",\"urlTemplate\":\"https:\\\/\\\/szalokybow.hu\\\/hu\\\/?s={search_term_string}\"},\"query-input\":{\"@type\":\"PropertyValueSpecification\",\"valueRequired\":true,\"valueName\":\"search_term_string\"}}],\"inLanguage\":\"hu\"}]}<\/script>\n<!-- \/ Yoast SEO plugin. -->","yoast_head_json":{"title":"ILF | Szal\u00f3ky Istv\u00e1n \u00edjk\u00e9sz\u00edt\u0151","robots":{"index":"index","follow":"follow","max-snippet":"max-snippet:-1","max-image-preview":"max-image-preview:large","max-video-preview":"max-video-preview:-1"},"canonical":"https:\/\/szalokybow.hu\/hu\/ilf\/","og_locale":"hu_HU","og_type":"article","og_title":"ILF | Szal\u00f3ky Istv\u00e1n \u00edjk\u00e9sz\u00edt\u0151","og_url":"https:\/\/szalokybow.hu\/hu\/ilf\/","og_site_name":"Szal\u00f3ky Istv\u00e1n \u00edjk\u00e9sz\u00edt\u0151","article_publisher":"https:\/\/www.facebook.com\/istvan.szaloky","article_modified_time":"2024-10-28T16:14:23+00:00","twitter_card":"summary_large_image","schema":{"@context":"https:\/\/schema.org","@graph":[{"@type":"WebPage","@id":"https:\/\/szalokybow.hu\/hu\/ilf\/","url":"https:\/\/szalokybow.hu\/hu\/ilf\/","name":"ILF | Szal\u00f3ky Istv\u00e1n \u00edjk\u00e9sz\u00edt\u0151","isPartOf":{"@id":"https:\/\/szalokybow.hu\/hu\/#website"},"datePublished":"2018-06-28T14:37:31+00:00","dateModified":"2024-10-28T16:14:23+00:00","breadcrumb":{"@id":"https:\/\/szalokybow.hu\/hu\/ilf\/#breadcrumb"},"inLanguage":"hu","potentialAction":[{"@type":"ReadAction","target":["https:\/\/szalokybow.hu\/hu\/ilf\/"]}]},{"@type":"BreadcrumbList","@id":"https:\/\/szalokybow.hu\/hu\/ilf\/#breadcrumb","itemListElement":[{"@type":"ListItem","position":1,"name":"Home","item":"https:\/\/szalokybow.hu\/hu\/"},{"@type":"ListItem","position":2,"name":"ILF"}]},{"@type":"WebSite","@id":"https:\/\/szalokybow.hu\/hu\/#website","url":"https:\/\/szalokybow.hu\/hu\/","name":"Szal\u00f3ky Istv\u00e1n \u00edjk\u00e9sz\u00edt\u0151","description":"Szal\u00f3ky Istv\u00e1n \u00edjk\u00e9sz\u00edt\u0151 honlapja. Reflex\u00edj, take down reflex\u00edj \u00e9s longbow \u00edjak k\u00e9sz\u00edt\u00e9se egyedi megrendel\u00e9sre, testre szabva.","potentialAction":[{"@type":"SearchAction","target":{"@type":"EntryPoint","urlTemplate":"https:\/\/szalokybow.hu\/hu\/?s={search_term_string}"},"query-input":{"@type":"PropertyValueSpecification","valueRequired":true,"valueName":"search_term_string"}}],"inLanguage":"hu"}]}},"_links":{"self":[{"href":"https:\/\/szalokybow.hu\/hu\/wp-json\/wp\/v2\/pages\/249","targetHints":{"allow":["GET"]}}],"collection":[{"href":"https:\/\/szalokybow.hu\/hu\/wp-json\/wp\/v2\/pages"}],"about":[{"href":"https:\/\/szalokybow.hu\/hu\/wp-json\/wp\/v2\/types\/page"}],"author":[{"embeddable":true,"href":"https:\/\/szalokybow.hu\/hu\/wp-json\/wp\/v2\/users\/1"}],"replies":[{"embeddable":true,"href":"https:\/\/szalokybow.hu\/hu\/wp-json\/wp\/v2\/comments?post=249"}],"version-history":[{"count":17,"href":"https:\/\/szalokybow.hu\/hu\/wp-json\/wp\/v2\/pages\/249\/revisions"}],"predecessor-version":[{"id":592,"href":"https:\/\/szalokybow.hu\/hu\/wp-json\/wp\/v2\/pages\/249\/revisions\/592"}],"wp:attachment":[{"href":"https:\/\/szalokybow.hu\/hu\/wp-json\/wp\/v2\/media?parent=249"}],"curies":[{"name":"wp","href":"https:\/\/api.w.org\/{rel}","templated":true}]}}