{"id":19,"date":"2018-02-27T17:35:35","date_gmt":"2018-02-27T17:35:35","guid":{"rendered":"http:\/\/szalokybow.hu\/hu\/?page_id=19"},"modified":"2020-01-09T11:08:31","modified_gmt":"2020-01-09T10:08:31","slug":"longbow","status":"publish","type":"page","link":"https:\/\/szalokybow.hu\/hu\/longbow\/","title":{"rendered":"Longbow"},"content":{"rendered":"<p><div class=\"fusion-fullwidth fullwidth-box fusion-builder-row-1 hundred-percent-fullwidth non-hundred-percent-height-scrolling\" style=\"--awb-border-radius-top-left:0px;--awb-border-radius-top-right:0px;--awb-border-radius-bottom-right:0px;--awb-border-radius-bottom-left:0px;--awb-padding-right:0px;--awb-padding-left:0px;--awb-flex-wrap:wrap;\" ><div class=\"fusion-builder-row fusion-row\"><div class=\"fusion-layout-column fusion_builder_column fusion-builder-column-0 fusion_builder_column_1_1 1_1 fusion-one-full fusion-column-first fusion-column-last\" style=\"--awb-bg-size:cover;\"><div class=\"fusion-column-wrapper fusion-flex-column-wrapper-legacy\"><div class=\"fusion-image-element fusion-image-align-center in-legacy-container\" style=\"text-align:center;--awb-caption-title-font-family:var(--h2_typography-font-family);--awb-caption-title-font-weight:var(--h2_typography-font-weight);--awb-caption-title-font-style:var(--h2_typography-font-style);--awb-caption-title-size:var(--h2_typography-font-size);--awb-caption-title-transform:var(--h2_typography-text-transform);--awb-caption-title-line-height:var(--h2_typography-line-height);--awb-caption-title-letter-spacing:var(--h2_typography-letter-spacing);\"><div class=\"imageframe-align-center\"><span class=\" fusion-imageframe imageframe-dropshadow imageframe-1 hover-type-none\" style=\"-webkit-box-shadow: 3px 3px 7px rgba(0,0,0,0.3);box-shadow: 3px 3px 7px rgba(0,0,0,0.3);\"><img decoding=\"async\" width=\"1920\" height=\"569\" alt=\"Szal\u00f3ky longbow \u00edj\" title=\"longbow_head\" src=\"http:\/\/szalokybow.hu\/hu\/wp-content\/uploads\/sites\/2\/2018\/09\/longbow_head.jpg\" class=\"img-responsive wp-image-358\" srcset=\"https:\/\/szalokybow.hu\/hu\/wp-content\/uploads\/sites\/2\/2018\/09\/longbow_head-200x59.jpg 200w, https:\/\/szalokybow.hu\/hu\/wp-content\/uploads\/sites\/2\/2018\/09\/longbow_head-400x119.jpg 400w, https:\/\/szalokybow.hu\/hu\/wp-content\/uploads\/sites\/2\/2018\/09\/longbow_head-600x178.jpg 600w, https:\/\/szalokybow.hu\/hu\/wp-content\/uploads\/sites\/2\/2018\/09\/longbow_head-800x237.jpg 800w, https:\/\/szalokybow.hu\/hu\/wp-content\/uploads\/sites\/2\/2018\/09\/longbow_head-1200x356.jpg 1200w, https:\/\/szalokybow.hu\/hu\/wp-content\/uploads\/sites\/2\/2018\/09\/longbow_head.jpg 1920w\" sizes=\"(max-width: 800px) 100vw, 1200px\" \/><\/span><\/div><\/div><div class=\"fusion-clearfix\"><\/div><\/div><\/div><\/div><\/div><div class=\"fusion-fullwidth fullwidth-box fusion-builder-row-2 nonhundred-percent-fullwidth non-hundred-percent-height-scrolling\" style=\"--awb-border-radius-top-left:0px;--awb-border-radius-top-right:0px;--awb-border-radius-bottom-right:0px;--awb-border-radius-bottom-left:0px;--awb-padding-top:55px;--awb-flex-wrap:wrap;\" ><div class=\"fusion-builder-row fusion-row\"><div class=\"fusion-layout-column fusion_builder_column fusion-builder-column-1 fusion_builder_column_1_1 1_1 fusion-one-full fusion-column-first fusion-column-last\" style=\"--awb-bg-size:cover;\"><div class=\"fusion-column-wrapper fusion-flex-column-wrapper-legacy\"><div class=\"fusion-title title fusion-title-1 fusion-sep-none fusion-title-text fusion-title-size-one\"><h1 class=\"fusion-title-heading title-heading-left\" style=\"margin:0;\">Longbow<\/h1><\/div><div class=\"fusion-text fusion-text-1\"><p>Jelenleg k\u00e9t k\u00fcl\u00f6nb\u00f6z\u0151 longbowt k\u00e9sz\u00edtek.<\/p>\n<p>Az IFAA szab\u00e1lyokhoz igazod\u00f3 , k\u00f6z\u00e9pig kiv\u00e1gott ablak, egy \u00edven hajl\u00f3 forma \u00e9s k\u00e9nyelmes markolat. 66-68-70\u201c hosszban k\u00e9sz\u00fcl.<br \/>\nA m\u00e1sik a \u201cspeed\u201d egy klasszikus \u00edj egyszer\u0171 kifut\u00f3 r\u00e9sszel \u00e9s kis markolattal. 66-68-70\u201d hossz\u00fas\u00e1gban k\u00e9sz\u00edtem. A felajzott \u00edj karjai nem egy \u00edven hajlanak. Ezt a form\u00e1t aj\u00e1nlom azoknak akik most ismerkednek a sporttal, kedvez\u0151 \u00e1ra \u00e9s teljes\u00edtm\u00e9nye miatt. Megrendel\u00e9sre eg\u00e9szen egyszer\u0171 kivitel is k\u00e9sz\u00fclhet bel\u0151le.<\/p>\n<\/div><div class=\"fusion-clearfix\"><\/div><\/div><\/div><div class=\"fusion-layout-column fusion_builder_column fusion-builder-column-2 fusion_builder_column_1_2 1_2 fusion-one-half fusion-column-first\" style=\"--awb-bg-size:cover;width:50%;width:calc(50% - ( ( 4% ) * 0.5 ) );margin-right: 4%;\"><div class=\"fusion-column-wrapper fusion-flex-column-wrapper-legacy\"><div class=\"fusion-title title fusion-title-2 fusion-sep-none fusion-title-text fusion-title-size-two\"><h2 class=\"fusion-title-heading title-heading-left\" style=\"margin:0;\"><a href=\"http:\/\/szalokybow.hu\/hu\/speed-longbow\/\">&#8222;Speed&#8221; longbow<\/a><\/h2><\/div><div class=\"fusion-image-element in-legacy-container\" style=\"--awb-liftup-border-radius:0px;--awb-caption-title-font-family:var(--h2_typography-font-family);--awb-caption-title-font-weight:var(--h2_typography-font-weight);--awb-caption-title-font-style:var(--h2_typography-font-style);--awb-caption-title-size:var(--h2_typography-font-size);--awb-caption-title-transform:var(--h2_typography-text-transform);--awb-caption-title-line-height:var(--h2_typography-line-height);--awb-caption-title-letter-spacing:var(--h2_typography-letter-spacing);\"><div class=\"awb-image-frame awb-image-frame-2 imageframe-liftup\"><span class=\" fusion-imageframe imageframe-dropshadow imageframe-2\" style=\"-webkit-box-shadow: 3px 3px 7px rgba(0,0,0,0.3);box-shadow: 3px 3px 7px rgba(0,0,0,0.3);\"><a class=\"fusion-no-lightbox\" href=\"http:\/\/szalokybow.hu\/hu\/speed-longbow\/\" target=\"_self\" aria-label=\"sdeep_lb_main\"><img decoding=\"async\" width=\"600\" height=\"1000\" alt=\"Szal\u00f3ky Speed longbow \u00edj\" src=\"http:\/\/szalokybow.hu\/hu\/wp-content\/uploads\/sites\/2\/2018\/09\/sdeep_lb_main-600x1000.jpg\" class=\"img-responsive wp-image-370\" srcset=\"https:\/\/szalokybow.hu\/hu\/wp-content\/uploads\/sites\/2\/2018\/09\/sdeep_lb_main-200x333.jpg 200w, https:\/\/szalokybow.hu\/hu\/wp-content\/uploads\/sites\/2\/2018\/09\/sdeep_lb_main-400x666.jpg 400w, https:\/\/szalokybow.hu\/hu\/wp-content\/uploads\/sites\/2\/2018\/09\/sdeep_lb_main-600x1000.jpg 600w, https:\/\/szalokybow.hu\/hu\/wp-content\/uploads\/sites\/2\/2018\/09\/sdeep_lb_main-800x1333.jpg 800w, https:\/\/szalokybow.hu\/hu\/wp-content\/uploads\/sites\/2\/2018\/09\/sdeep_lb_main.jpg 1000w\" sizes=\"(max-width: 800px) 100vw, 600px\" \/><\/a><\/span><\/div><\/div><div class=\"fusion-clearfix\"><\/div><\/div><\/div><div class=\"fusion-layout-column fusion_builder_column fusion-builder-column-3 fusion_builder_column_1_2 1_2 fusion-one-half fusion-column-last\" style=\"--awb-bg-size:cover;width:50%;width:calc(50% - ( ( 4% ) * 0.5 ) );\"><div class=\"fusion-column-wrapper fusion-flex-column-wrapper-legacy\"><div class=\"fusion-title title fusion-title-3 fusion-sep-none fusion-title-text fusion-title-size-two\"><h2 class=\"fusion-title-heading title-heading-left\" style=\"margin:0;\"><a href=\"http:\/\/szalokybow.hu\/hu\/ifaa-longbow\/\">IFAA longbow<\/a><\/h2><\/div><div class=\"fusion-image-element in-legacy-container\" style=\"--awb-liftup-border-radius:0px;--awb-caption-title-font-family:var(--h2_typography-font-family);--awb-caption-title-font-weight:var(--h2_typography-font-weight);--awb-caption-title-font-style:var(--h2_typography-font-style);--awb-caption-title-size:var(--h2_typography-font-size);--awb-caption-title-transform:var(--h2_typography-text-transform);--awb-caption-title-line-height:var(--h2_typography-line-height);--awb-caption-title-letter-spacing:var(--h2_typography-letter-spacing);\"><div class=\"awb-image-frame awb-image-frame-3 imageframe-liftup\"><span class=\" fusion-imageframe imageframe-dropshadow imageframe-3\" style=\"-webkit-box-shadow: 3px 3px 7px rgba(0,0,0,0.3);box-shadow: 3px 3px 7px rgba(0,0,0,0.3);\"><a class=\"fusion-no-lightbox\" href=\"http:\/\/szalokybow.hu\/hu\/ifaa-longbow\/\" target=\"_self\" aria-label=\"20170307_095512_1000\"><img decoding=\"async\" width=\"600\" height=\"1000\" alt=\"Szal\u00f3ky IFAA longbow \u00edj\" src=\"http:\/\/szalokybow.hu\/hu\/wp-content\/uploads\/sites\/2\/2018\/09\/20170307_095512_1000-600x1000.jpg\" class=\"img-responsive wp-image-368\" srcset=\"https:\/\/szalokybow.hu\/hu\/wp-content\/uploads\/sites\/2\/2018\/09\/20170307_095512_1000-200x333.jpg 200w, https:\/\/szalokybow.hu\/hu\/wp-content\/uploads\/sites\/2\/2018\/09\/20170307_095512_1000-400x666.jpg 400w, https:\/\/szalokybow.hu\/hu\/wp-content\/uploads\/sites\/2\/2018\/09\/20170307_095512_1000-600x1000.jpg 600w, https:\/\/szalokybow.hu\/hu\/wp-content\/uploads\/sites\/2\/2018\/09\/20170307_095512_1000-800x1333.jpg 800w, https:\/\/szalokybow.hu\/hu\/wp-content\/uploads\/sites\/2\/2018\/09\/20170307_095512_1000.jpg 1000w\" sizes=\"(max-width: 800px) 100vw, 600px\" \/><\/a><\/span><\/div><\/div><div class=\"fusion-clearfix\"><\/div><\/div><\/div><\/div><\/div><\/p>\n","protected":false},"excerpt":{"rendered":"","protected":false},"author":1,"featured_media":0,"parent":0,"menu_order":0,"comment_status":"closed","ping_status":"closed","template":"100-width.php","meta":{"footnotes":""},"class_list":["post-19","page","type-page","status-publish","hentry"],"yoast_head":"<!-- This site is optimized with the Yoast SEO plugin v27.3 - https:\/\/yoast.com\/product\/yoast-seo-wordpress\/ -->\n<title>Longbow | Szal\u00f3ky Istv\u00e1n \u00edjk\u00e9sz\u00edt\u0151<\/title>\n<meta name=\"robots\" content=\"index, follow, max-snippet:-1, max-image-preview:large, max-video-preview:-1\" \/>\n<link rel=\"canonical\" href=\"https:\/\/szalokybow.hu\/hu\/longbow\/\" \/>\n<meta property=\"og:locale\" content=\"hu_HU\" \/>\n<meta property=\"og:type\" content=\"article\" \/>\n<meta property=\"og:title\" content=\"Longbow | Szal\u00f3ky Istv\u00e1n \u00edjk\u00e9sz\u00edt\u0151\" \/>\n<meta property=\"og:url\" content=\"https:\/\/szalokybow.hu\/hu\/longbow\/\" \/>\n<meta property=\"og:site_name\" content=\"Szal\u00f3ky Istv\u00e1n \u00edjk\u00e9sz\u00edt\u0151\" \/>\n<meta property=\"article:publisher\" content=\"https:\/\/www.facebook.com\/istvan.szaloky\" \/>\n<meta property=\"article:modified_time\" content=\"2020-01-09T10:08:31+00:00\" \/>\n<meta name=\"twitter:card\" content=\"summary_large_image\" \/>\n<meta name=\"twitter:label1\" content=\"Becs\u00fclt olvas\u00e1si id\u0151\" \/>\n\t<meta name=\"twitter:data1\" content=\"5 perc\" \/>\n<script type=\"application\/ld+json\" class=\"yoast-schema-graph\">{\"@context\":\"https:\\\/\\\/schema.org\",\"@graph\":[{\"@type\":\"WebPage\",\"@id\":\"https:\\\/\\\/szalokybow.hu\\\/hu\\\/longbow\\\/\",\"url\":\"https:\\\/\\\/szalokybow.hu\\\/hu\\\/longbow\\\/\",\"name\":\"Longbow | Szal\u00f3ky Istv\u00e1n \u00edjk\u00e9sz\u00edt\u0151\",\"isPartOf\":{\"@id\":\"https:\\\/\\\/szalokybow.hu\\\/hu\\\/#website\"},\"datePublished\":\"2018-02-27T17:35:35+00:00\",\"dateModified\":\"2020-01-09T10:08:31+00:00\",\"breadcrumb\":{\"@id\":\"https:\\\/\\\/szalokybow.hu\\\/hu\\\/longbow\\\/#breadcrumb\"},\"inLanguage\":\"hu\",\"potentialAction\":[{\"@type\":\"ReadAction\",\"target\":[\"https:\\\/\\\/szalokybow.hu\\\/hu\\\/longbow\\\/\"]}]},{\"@type\":\"BreadcrumbList\",\"@id\":\"https:\\\/\\\/szalokybow.hu\\\/hu\\\/longbow\\\/#breadcrumb\",\"itemListElement\":[{\"@type\":\"ListItem\",\"position\":1,\"name\":\"Home\",\"item\":\"https:\\\/\\\/szalokybow.hu\\\/hu\\\/\"},{\"@type\":\"ListItem\",\"position\":2,\"name\":\"Longbow\"}]},{\"@type\":\"WebSite\",\"@id\":\"https:\\\/\\\/szalokybow.hu\\\/hu\\\/#website\",\"url\":\"https:\\\/\\\/szalokybow.hu\\\/hu\\\/\",\"name\":\"Szal\u00f3ky Istv\u00e1n \u00edjk\u00e9sz\u00edt\u0151\",\"description\":\"Szal\u00f3ky Istv\u00e1n \u00edjk\u00e9sz\u00edt\u0151 honlapja. Reflex\u00edj, take down reflex\u00edj \u00e9s longbow \u00edjak k\u00e9sz\u00edt\u00e9se egyedi megrendel\u00e9sre, testre szabva.\",\"potentialAction\":[{\"@type\":\"SearchAction\",\"target\":{\"@type\":\"EntryPoint\",\"urlTemplate\":\"https:\\\/\\\/szalokybow.hu\\\/hu\\\/?s={search_term_string}\"},\"query-input\":{\"@type\":\"PropertyValueSpecification\",\"valueRequired\":true,\"valueName\":\"search_term_string\"}}],\"inLanguage\":\"hu\"}]}<\/script>\n<!-- \/ Yoast SEO plugin. -->","yoast_head_json":{"title":"Longbow | Szal\u00f3ky Istv\u00e1n \u00edjk\u00e9sz\u00edt\u0151","robots":{"index":"index","follow":"follow","max-snippet":"max-snippet:-1","max-image-preview":"max-image-preview:large","max-video-preview":"max-video-preview:-1"},"canonical":"https:\/\/szalokybow.hu\/hu\/longbow\/","og_locale":"hu_HU","og_type":"article","og_title":"Longbow | Szal\u00f3ky Istv\u00e1n \u00edjk\u00e9sz\u00edt\u0151","og_url":"https:\/\/szalokybow.hu\/hu\/longbow\/","og_site_name":"Szal\u00f3ky Istv\u00e1n \u00edjk\u00e9sz\u00edt\u0151","article_publisher":"https:\/\/www.facebook.com\/istvan.szaloky","article_modified_time":"2020-01-09T10:08:31+00:00","twitter_card":"summary_large_image","twitter_misc":{"Becs\u00fclt olvas\u00e1si id\u0151":"5 perc"},"schema":{"@context":"https:\/\/schema.org","@graph":[{"@type":"WebPage","@id":"https:\/\/szalokybow.hu\/hu\/longbow\/","url":"https:\/\/szalokybow.hu\/hu\/longbow\/","name":"Longbow | Szal\u00f3ky Istv\u00e1n \u00edjk\u00e9sz\u00edt\u0151","isPartOf":{"@id":"https:\/\/szalokybow.hu\/hu\/#website"},"datePublished":"2018-02-27T17:35:35+00:00","dateModified":"2020-01-09T10:08:31+00:00","breadcrumb":{"@id":"https:\/\/szalokybow.hu\/hu\/longbow\/#breadcrumb"},"inLanguage":"hu","potentialAction":[{"@type":"ReadAction","target":["https:\/\/szalokybow.hu\/hu\/longbow\/"]}]},{"@type":"BreadcrumbList","@id":"https:\/\/szalokybow.hu\/hu\/longbow\/#breadcrumb","itemListElement":[{"@type":"ListItem","position":1,"name":"Home","item":"https:\/\/szalokybow.hu\/hu\/"},{"@type":"ListItem","position":2,"name":"Longbow"}]},{"@type":"WebSite","@id":"https:\/\/szalokybow.hu\/hu\/#website","url":"https:\/\/szalokybow.hu\/hu\/","name":"Szal\u00f3ky Istv\u00e1n \u00edjk\u00e9sz\u00edt\u0151","description":"Szal\u00f3ky Istv\u00e1n \u00edjk\u00e9sz\u00edt\u0151 honlapja. Reflex\u00edj, take down reflex\u00edj \u00e9s longbow \u00edjak k\u00e9sz\u00edt\u00e9se egyedi megrendel\u00e9sre, testre szabva.","potentialAction":[{"@type":"SearchAction","target":{"@type":"EntryPoint","urlTemplate":"https:\/\/szalokybow.hu\/hu\/?s={search_term_string}"},"query-input":{"@type":"PropertyValueSpecification","valueRequired":true,"valueName":"search_term_string"}}],"inLanguage":"hu"}]}},"_links":{"self":[{"href":"https:\/\/szalokybow.hu\/hu\/wp-json\/wp\/v2\/pages\/19","targetHints":{"allow":["GET"]}}],"collection":[{"href":"https:\/\/szalokybow.hu\/hu\/wp-json\/wp\/v2\/pages"}],"about":[{"href":"https:\/\/szalokybow.hu\/hu\/wp-json\/wp\/v2\/types\/page"}],"author":[{"embeddable":true,"href":"https:\/\/szalokybow.hu\/hu\/wp-json\/wp\/v2\/users\/1"}],"replies":[{"embeddable":true,"href":"https:\/\/szalokybow.hu\/hu\/wp-json\/wp\/v2\/comments?post=19"}],"version-history":[{"count":22,"href":"https:\/\/szalokybow.hu\/hu\/wp-json\/wp\/v2\/pages\/19\/revisions"}],"predecessor-version":[{"id":578,"href":"https:\/\/szalokybow.hu\/hu\/wp-json\/wp\/v2\/pages\/19\/revisions\/578"}],"wp:attachment":[{"href":"https:\/\/szalokybow.hu\/hu\/wp-json\/wp\/v2\/media?parent=19"}],"curies":[{"name":"wp","href":"https:\/\/api.w.org\/{rel}","templated":true}]}}