{"id":15,"date":"2018-02-27T17:34:56","date_gmt":"2018-02-27T17:34:56","guid":{"rendered":"http:\/\/szalokybow.hu\/hu\/?page_id=15"},"modified":"2018-09-17T20:01:50","modified_gmt":"2018-09-17T18:01:50","slug":"kolibri","status":"publish","type":"page","link":"https:\/\/szalokybow.hu\/hu\/kolibri\/","title":{"rendered":"Kolibri"},"content":{"rendered":"<p><div class=\"fusion-fullwidth fullwidth-box fusion-builder-row-1 hundred-percent-fullwidth non-hundred-percent-height-scrolling\" style=\"--awb-border-radius-top-left:0px;--awb-border-radius-top-right:0px;--awb-border-radius-bottom-right:0px;--awb-border-radius-bottom-left:0px;--awb-padding-right:0px;--awb-padding-left:0px;--awb-flex-wrap:wrap;\" ><div class=\"fusion-builder-row fusion-row\"><div class=\"fusion-layout-column fusion_builder_column fusion-builder-column-0 fusion_builder_column_1_1 1_1 fusion-one-full fusion-column-first fusion-column-last\" style=\"--awb-bg-size:cover;\"><div class=\"fusion-column-wrapper fusion-flex-column-wrapper-legacy\"><div class=\"fusion-image-element in-legacy-container\" style=\"--awb-caption-title-font-family:var(--h2_typography-font-family);--awb-caption-title-font-weight:var(--h2_typography-font-weight);--awb-caption-title-font-style:var(--h2_typography-font-style);--awb-caption-title-size:var(--h2_typography-font-size);--awb-caption-title-transform:var(--h2_typography-text-transform);--awb-caption-title-line-height:var(--h2_typography-line-height);--awb-caption-title-letter-spacing:var(--h2_typography-letter-spacing);\"><span class=\" fusion-imageframe imageframe-dropshadow imageframe-1 hover-type-none\" style=\"-webkit-box-shadow: 3px 3px 7px rgba(0,0,0,0.3);box-shadow: 3px 3px 7px rgba(0,0,0,0.3);\"><img decoding=\"async\" width=\"2560\" height=\"1106\" alt=\"Szal\u00f3ky \u00edjk\u00e9sz\u00edt\u00e9s Kolibri\" title=\"20160208_081813_3\" src=\"http:\/\/szalokybow.hu\/hu\/wp-content\/uploads\/sites\/2\/2018\/08\/20160208_081813_3.jpg\" class=\"img-responsive wp-image-349\" srcset=\"https:\/\/szalokybow.hu\/hu\/wp-content\/uploads\/sites\/2\/2018\/08\/20160208_081813_3-200x86.jpg 200w, https:\/\/szalokybow.hu\/hu\/wp-content\/uploads\/sites\/2\/2018\/08\/20160208_081813_3-400x173.jpg 400w, https:\/\/szalokybow.hu\/hu\/wp-content\/uploads\/sites\/2\/2018\/08\/20160208_081813_3-600x259.jpg 600w, https:\/\/szalokybow.hu\/hu\/wp-content\/uploads\/sites\/2\/2018\/08\/20160208_081813_3-800x346.jpg 800w, https:\/\/szalokybow.hu\/hu\/wp-content\/uploads\/sites\/2\/2018\/08\/20160208_081813_3-1200x518.jpg 1200w, https:\/\/szalokybow.hu\/hu\/wp-content\/uploads\/sites\/2\/2018\/08\/20160208_081813_3.jpg 2560w\" sizes=\"(max-width: 800px) 100vw, 1200px\" \/><\/span><\/div><div class=\"fusion-clearfix\"><\/div><\/div><\/div><\/div><\/div><div class=\"fusion-fullwidth fullwidth-box fusion-builder-row-2 nonhundred-percent-fullwidth non-hundred-percent-height-scrolling\" style=\"--awb-border-radius-top-left:0px;--awb-border-radius-top-right:0px;--awb-border-radius-bottom-right:0px;--awb-border-radius-bottom-left:0px;--awb-padding-top:55px;--awb-flex-wrap:wrap;\" ><div class=\"fusion-builder-row fusion-row\"><div class=\"fusion-layout-column fusion_builder_column fusion-builder-column-1 fusion_builder_column_1_1 1_1 fusion-one-full fusion-column-first fusion-column-last\" style=\"--awb-bg-size:cover;\"><div class=\"fusion-column-wrapper fusion-flex-column-wrapper-legacy\"><div class=\"fusion-title title fusion-title-1 fusion-sep-none fusion-title-text fusion-title-size-one\"><h1 class=\"fusion-title-heading title-heading-left\" style=\"margin:0;\">Kolibri<\/h1><\/div><div class=\"fusion-text fusion-text-1\"><div align=\"left\"><\/div>\n<p class=\"style1\" style=\"text-align: left;\" align=\"center\">52\u201d hossz\u00fa, nem kifejezetten verseny \u00edj. 25-28\u201d k\u00f6z\u00f6tti h\u00faz\u00e1shosszra t\u00f6k\u00e9letes, 28-felett m\u00e1r kem\u00e9nyedik. De mit is v\u00e1rhatunk egy \u201ezseb\u201d \u00edjt\u00f3l. Apr\u00f3vadas, vagy sz\u00e1rnyas vad\u00e1szathoz nagyon j\u00f3. Ak\u00e1r fen\u00e9ken \u00fclve is lehet l\u0151ni vele, olyan r\u00f6vid. Az old\u00e1shib\u00e1kat nagyon b\u00fcnteti, csak megsz\u00e1llottaknak aj\u00e1nlom, illetve azoknak akik r\u00f6vid h\u00faz\u00e1shosszal sz\u00fclettek.<\/p>\n<\/div><div class=\"fusion-image-element fusion-image-align-center in-legacy-container\" style=\"text-align:center;--awb-caption-title-font-family:var(--h2_typography-font-family);--awb-caption-title-font-weight:var(--h2_typography-font-weight);--awb-caption-title-font-style:var(--h2_typography-font-style);--awb-caption-title-size:var(--h2_typography-font-size);--awb-caption-title-transform:var(--h2_typography-text-transform);--awb-caption-title-line-height:var(--h2_typography-line-height);--awb-caption-title-letter-spacing:var(--h2_typography-letter-spacing);\"><div class=\"imageframe-align-center\"><span class=\" fusion-imageframe imageframe-none imageframe-2 hover-type-none\"><a href=\"http:\/\/szalokybow.hu\/hu\/wp-content\/uploads\/sites\/2\/2018\/08\/20160208_081813_1-615x1024.jpg\" class=\"fusion-lightbox\" data-rel=\"iLightbox[7419bc8c0ce74b0829e]\" data-title=\"20160208_081813_1\" title=\"20160208_081813_1\"><img decoding=\"async\" width=\"615\" height=\"1024\" alt=\"Szal\u00f3ky Kolibri vad\u00e1szreflex\" src=\"http:\/\/szalokybow.hu\/hu\/wp-content\/uploads\/sites\/2\/2018\/08\/20160208_081813_1-615x1024.jpg\" class=\"img-responsive wp-image-343\" srcset=\"https:\/\/szalokybow.hu\/hu\/wp-content\/uploads\/sites\/2\/2018\/08\/20160208_081813_1-200x333.jpg 200w, https:\/\/szalokybow.hu\/hu\/wp-content\/uploads\/sites\/2\/2018\/08\/20160208_081813_1-400x666.jpg 400w, https:\/\/szalokybow.hu\/hu\/wp-content\/uploads\/sites\/2\/2018\/08\/20160208_081813_1-600x1000.jpg 600w, https:\/\/szalokybow.hu\/hu\/wp-content\/uploads\/sites\/2\/2018\/08\/20160208_081813_1-800x1333.jpg 800w, https:\/\/szalokybow.hu\/hu\/wp-content\/uploads\/sites\/2\/2018\/08\/20160208_081813_1.jpg 1000w\" sizes=\"(max-width: 800px) 100vw, 615px\" \/><\/a><\/span><\/div><\/div><div class=\"fusion-clearfix\"><\/div><\/div><\/div><\/div><\/div><\/p>\n","protected":false},"excerpt":{"rendered":"","protected":false},"author":1,"featured_media":0,"parent":0,"menu_order":0,"comment_status":"closed","ping_status":"closed","template":"100-width.php","meta":{"footnotes":""},"class_list":["post-15","page","type-page","status-publish","hentry"],"yoast_head":"<!-- This site is optimized with the Yoast SEO plugin v27.3 - https:\/\/yoast.com\/product\/yoast-seo-wordpress\/ -->\n<title>Kolibri | Szal\u00f3ky Istv\u00e1n \u00edjk\u00e9sz\u00edt\u0151<\/title>\n<meta name=\"robots\" content=\"index, follow, max-snippet:-1, max-image-preview:large, max-video-preview:-1\" \/>\n<link rel=\"canonical\" href=\"https:\/\/szalokybow.hu\/hu\/kolibri\/\" \/>\n<meta property=\"og:locale\" content=\"hu_HU\" \/>\n<meta property=\"og:type\" content=\"article\" \/>\n<meta property=\"og:title\" content=\"Kolibri | Szal\u00f3ky Istv\u00e1n \u00edjk\u00e9sz\u00edt\u0151\" \/>\n<meta property=\"og:url\" content=\"https:\/\/szalokybow.hu\/hu\/kolibri\/\" \/>\n<meta property=\"og:site_name\" content=\"Szal\u00f3ky Istv\u00e1n \u00edjk\u00e9sz\u00edt\u0151\" \/>\n<meta property=\"article:publisher\" content=\"https:\/\/www.facebook.com\/istvan.szaloky\" \/>\n<meta property=\"article:modified_time\" content=\"2018-09-17T18:01:50+00:00\" \/>\n<meta name=\"twitter:card\" content=\"summary_large_image\" \/>\n<meta name=\"twitter:label1\" content=\"Becs\u00fclt olvas\u00e1si id\u0151\" \/>\n\t<meta name=\"twitter:data1\" content=\"3 perc\" \/>\n<script type=\"application\/ld+json\" class=\"yoast-schema-graph\">{\"@context\":\"https:\\\/\\\/schema.org\",\"@graph\":[{\"@type\":\"WebPage\",\"@id\":\"https:\\\/\\\/szalokybow.hu\\\/hu\\\/kolibri\\\/\",\"url\":\"https:\\\/\\\/szalokybow.hu\\\/hu\\\/kolibri\\\/\",\"name\":\"Kolibri | Szal\u00f3ky Istv\u00e1n \u00edjk\u00e9sz\u00edt\u0151\",\"isPartOf\":{\"@id\":\"https:\\\/\\\/szalokybow.hu\\\/hu\\\/#website\"},\"datePublished\":\"2018-02-27T17:34:56+00:00\",\"dateModified\":\"2018-09-17T18:01:50+00:00\",\"breadcrumb\":{\"@id\":\"https:\\\/\\\/szalokybow.hu\\\/hu\\\/kolibri\\\/#breadcrumb\"},\"inLanguage\":\"hu\",\"potentialAction\":[{\"@type\":\"ReadAction\",\"target\":[\"https:\\\/\\\/szalokybow.hu\\\/hu\\\/kolibri\\\/\"]}]},{\"@type\":\"BreadcrumbList\",\"@id\":\"https:\\\/\\\/szalokybow.hu\\\/hu\\\/kolibri\\\/#breadcrumb\",\"itemListElement\":[{\"@type\":\"ListItem\",\"position\":1,\"name\":\"Home\",\"item\":\"https:\\\/\\\/szalokybow.hu\\\/hu\\\/\"},{\"@type\":\"ListItem\",\"position\":2,\"name\":\"Kolibri\"}]},{\"@type\":\"WebSite\",\"@id\":\"https:\\\/\\\/szalokybow.hu\\\/hu\\\/#website\",\"url\":\"https:\\\/\\\/szalokybow.hu\\\/hu\\\/\",\"name\":\"Szal\u00f3ky Istv\u00e1n \u00edjk\u00e9sz\u00edt\u0151\",\"description\":\"Szal\u00f3ky Istv\u00e1n \u00edjk\u00e9sz\u00edt\u0151 honlapja. Reflex\u00edj, take down reflex\u00edj \u00e9s longbow \u00edjak k\u00e9sz\u00edt\u00e9se egyedi megrendel\u00e9sre, testre szabva.\",\"potentialAction\":[{\"@type\":\"SearchAction\",\"target\":{\"@type\":\"EntryPoint\",\"urlTemplate\":\"https:\\\/\\\/szalokybow.hu\\\/hu\\\/?s={search_term_string}\"},\"query-input\":{\"@type\":\"PropertyValueSpecification\",\"valueRequired\":true,\"valueName\":\"search_term_string\"}}],\"inLanguage\":\"hu\"}]}<\/script>\n<!-- \/ Yoast SEO plugin. -->","yoast_head_json":{"title":"Kolibri | Szal\u00f3ky Istv\u00e1n \u00edjk\u00e9sz\u00edt\u0151","robots":{"index":"index","follow":"follow","max-snippet":"max-snippet:-1","max-image-preview":"max-image-preview:large","max-video-preview":"max-video-preview:-1"},"canonical":"https:\/\/szalokybow.hu\/hu\/kolibri\/","og_locale":"hu_HU","og_type":"article","og_title":"Kolibri | Szal\u00f3ky Istv\u00e1n \u00edjk\u00e9sz\u00edt\u0151","og_url":"https:\/\/szalokybow.hu\/hu\/kolibri\/","og_site_name":"Szal\u00f3ky Istv\u00e1n \u00edjk\u00e9sz\u00edt\u0151","article_publisher":"https:\/\/www.facebook.com\/istvan.szaloky","article_modified_time":"2018-09-17T18:01:50+00:00","twitter_card":"summary_large_image","twitter_misc":{"Becs\u00fclt olvas\u00e1si id\u0151":"3 perc"},"schema":{"@context":"https:\/\/schema.org","@graph":[{"@type":"WebPage","@id":"https:\/\/szalokybow.hu\/hu\/kolibri\/","url":"https:\/\/szalokybow.hu\/hu\/kolibri\/","name":"Kolibri | Szal\u00f3ky Istv\u00e1n \u00edjk\u00e9sz\u00edt\u0151","isPartOf":{"@id":"https:\/\/szalokybow.hu\/hu\/#website"},"datePublished":"2018-02-27T17:34:56+00:00","dateModified":"2018-09-17T18:01:50+00:00","breadcrumb":{"@id":"https:\/\/szalokybow.hu\/hu\/kolibri\/#breadcrumb"},"inLanguage":"hu","potentialAction":[{"@type":"ReadAction","target":["https:\/\/szalokybow.hu\/hu\/kolibri\/"]}]},{"@type":"BreadcrumbList","@id":"https:\/\/szalokybow.hu\/hu\/kolibri\/#breadcrumb","itemListElement":[{"@type":"ListItem","position":1,"name":"Home","item":"https:\/\/szalokybow.hu\/hu\/"},{"@type":"ListItem","position":2,"name":"Kolibri"}]},{"@type":"WebSite","@id":"https:\/\/szalokybow.hu\/hu\/#website","url":"https:\/\/szalokybow.hu\/hu\/","name":"Szal\u00f3ky Istv\u00e1n \u00edjk\u00e9sz\u00edt\u0151","description":"Szal\u00f3ky Istv\u00e1n \u00edjk\u00e9sz\u00edt\u0151 honlapja. Reflex\u00edj, take down reflex\u00edj \u00e9s longbow \u00edjak k\u00e9sz\u00edt\u00e9se egyedi megrendel\u00e9sre, testre szabva.","potentialAction":[{"@type":"SearchAction","target":{"@type":"EntryPoint","urlTemplate":"https:\/\/szalokybow.hu\/hu\/?s={search_term_string}"},"query-input":{"@type":"PropertyValueSpecification","valueRequired":true,"valueName":"search_term_string"}}],"inLanguage":"hu"}]}},"_links":{"self":[{"href":"https:\/\/szalokybow.hu\/hu\/wp-json\/wp\/v2\/pages\/15","targetHints":{"allow":["GET"]}}],"collection":[{"href":"https:\/\/szalokybow.hu\/hu\/wp-json\/wp\/v2\/pages"}],"about":[{"href":"https:\/\/szalokybow.hu\/hu\/wp-json\/wp\/v2\/types\/page"}],"author":[{"embeddable":true,"href":"https:\/\/szalokybow.hu\/hu\/wp-json\/wp\/v2\/users\/1"}],"replies":[{"embeddable":true,"href":"https:\/\/szalokybow.hu\/hu\/wp-json\/wp\/v2\/comments?post=15"}],"version-history":[{"count":9,"href":"https:\/\/szalokybow.hu\/hu\/wp-json\/wp\/v2\/pages\/15\/revisions"}],"predecessor-version":[{"id":444,"href":"https:\/\/szalokybow.hu\/hu\/wp-json\/wp\/v2\/pages\/15\/revisions\/444"}],"wp:attachment":[{"href":"https:\/\/szalokybow.hu\/hu\/wp-json\/wp\/v2\/media?parent=15"}],"curies":[{"name":"wp","href":"https:\/\/api.w.org\/{rel}","templated":true}]}}